{"id":133,"date":"2023-08-09T16:23:10","date_gmt":"2023-08-09T14:23:10","guid":{"rendered":"https:\/\/www.mcom.cat\/contact\/"},"modified":"2023-08-11T16:06:05","modified_gmt":"2023-08-11T14:06:05","slug":"contacto","status":"publish","type":"page","link":"https:\/\/www.mcom.cat\/es\/contacto\/","title":{"rendered":"Contacto"},"content":{"rendered":"\n<div class=\"wp-block-group alignfull gutenify-section-6f4acc50-0dc7-11ee-9977-cd9622673252 is-layout-constrained wp-container-core-group-is-layout-111b2e00 wp-block-group-is-layout-constrained gtfy-23\">\n<div class=\"wp-block-cover alignfull is-light grayscale gutenify-section-6f448ac0-0dc7-11ee-9977-cd9622673252 gtfy-3\" style=\"min-height:405px;aspect-ratio:unset;\"><span aria-hidden=\"true\" class=\"wp-block-cover__background has-foreground-background-color has-background-dim\"><\/span><img decoding=\"async\" class=\"wp-block-cover__image-background wp-image-766\" alt=\"\" src=\"https:\/\/demo.gutenify.com\/gutenify-business\/wp-content\/themes\/gutenify-business\/images\/inner-banner.jpg\" style=\"object-position:47% 65%\" data-object-fit=\"cover\" data-object-position=\"47% 65%\"\/><div class=\"wp-block-cover__inner-container is-layout-flow wp-block-cover-is-layout-flow\">\n<div class=\"wp-block-group alignwide gutenify-section-6f441590-0dc7-11ee-9977-cd9622673252 is-layout-constrained wp-block-group-is-layout-constrained gtfy-2\"><h1 class=\"has-text-align-center alignwide wp-block-post-title has-text-color has-background-color has-large-font-size gtfy-1\">Contacto<\/h1><\/div>\n<\/div><\/div>\n\n\n\n<div class=\"wp-block-group alignfull gutenify-section-6f4a7e30-0dc7-11ee-9977-cd9622673252 is-layout-constrained wp-block-group-is-layout-constrained gtfy-22\" style=\"padding-top:0;padding-bottom:0\">\n<div class=\"wp-block-gutenify-container alignwide gutenify-block-container-wrapper gutenify-container-version-2 gutenify-section-60cf2b9d-2424-45ed-a74a-e423caf84052 gtfy-21\"><div class=\"gutenify-container\">\n<div class=\"wp-block-columns alignwide are-vertically-aligned-center gutenify-section-6f4a3010-0dc7-11ee-9977-cd9622673252 is-layout-flex wp-container-core-columns-is-layout-28f84493 wp-block-columns-is-layout-flex gtfy-20\">\n<div class=\"wp-block-column is-vertically-aligned-center gutenify-section-6f4945b0-0dc7-11ee-9977-cd9622673252 is-layout-flow wp-block-column-is-layout-flow gtfy-16\" style=\"flex-basis:40%\"><div class=\"has-text-align-left wp-block-gutenify-section-title gtfy-4\"><div class=\"gutenify-section-title-section \"><p class=\" gutenify-section-title-prefix\">FORMULARIO DE CONTACTO<\/p><h2 class=\" gutenify-section-title-main\">Contacta con nosotros<\/h2><p class=\" gutenify-section-title-suffix\">Si necesitas m\u00e1s informaci\u00f3n sobre nuestros servicios o nuestas tarifas o dudes en ponerte en contacto con nosotros y te atenderemos en breve<\/p><\/div><\/div>\n\n\n<div class=\"wp-block-group gutenify-section-340d9020-384f-11ee-bb33-d1eeb5230216 is-vertical is-layout-flex wp-container-core-group-is-layout-fe9cc265 wp-block-group-is-layout-flex gtfy-13\">\n<div class=\"wp-block-gutenify-info-box gutenify-info-box-layout-2 gutenify-info-box-version-2 flex-col-item gutenify-section-7050a810-384f-11ee-bb33-d1eeb5230216 gtfy-8\">\n<div class=\"wp-block-gutenify-icon flex-col-item is-content-justification-center gutenify-icon-version-2 gutenify-section-7046e410-384f-11ee-bb33-d1eeb5230216 gtfy-5\"><a class=\"gutenify-icon-wrapper\"><i class=\"fas fa-map-marker-alt\"><\/i><\/a><\/div>\n\n\n\n<h3 class=\"wp-block-heading has-text-align-left gutenify-admin-info-box-block-title has-small-font-size gutenify-section-704b02c0-384f-11ee-bb33-d1eeb5230216 gtfy-6\">Direcci\u00f3n<\/h3>\n\n\n\n<h5 class=\"wp-block-heading has-text-align-left gutenify-admin-info-box-block-subtitle gutenify-section-704de8f0-384f-11ee-bb33-d1eeb5230216 gtfy-7\" style=\"font-size:1.4rem\">Pare Fita 63A<br>08350 Arenys de Mar<\/h5>\n<\/div>\n\n\n\n<div class=\"wp-block-gutenify-info-box gutenify-info-box-layout-2 gutenify-info-box-version-2 flex-col-item gutenify-section-b291af32-5d9f-4299-a902-fab3c337007c gtfy-12\">\n<div class=\"wp-block-gutenify-icon flex-col-item is-content-justification-center gutenify-icon-version-2 gutenify-section-009cce0f-fc50-4dba-aca7-6896390ae729 gtfy-9\"><a class=\"gutenify-icon-wrapper\"><i class=\"far fa-comments\"><\/i><\/a><\/div>\n\n\n\n<h3 class=\"wp-block-heading has-text-align-left gutenify-admin-info-box-block-title has-normal-font-size gutenify-section-6f4770f0-0dc7-11ee-9977-cd9622673252 gtfy-10\">E-mail<\/h3>\n\n\n\n<h6 class=\"wp-block-heading has-text-align-left gutenify-admin-info-box-block-subtitle gutenify-section-6f479800-0dc7-11ee-9977-cd9622673252 gtfy-11\" style=\"font-size:1rem\"><a href=\"mailto:info@example.com\">redaccio@mcom.cat<\/a><\/h6>\n<\/div>\n<\/div>\n\n\n\n<p class=\"gutenify-section-d79727d0-382f-11ee-aa7e-ef7d5c2045ab gtfy-14\">En cumplimiento de la normativa europea de protecci\u00f3n de datos RGPD (UE 2016\/679), de la Ley 34\/2002 de Servicios de la Sociedad de la Informaci\u00f3n y de Comercio Electr\u00f3nico, as\u00ed como con la Ley Org\u00e1nica de Protecci\u00f3n de Datos de Car\u00e1cter Personal, le informamos de que sus datos personales ser\u00e1n objeto de tratamiento por parte del responsable del tratamiento, CABIROL PLANET S.L. <\/p>\n\n\n\n<p class=\"gutenify-section-b9c94da0-382f-11ee-aa7e-ef7d5c2045ab gtfy-15\">Puede ejercer tus derechos de acceso, rectificaci\u00f3n, supresi\u00f3n, oposici\u00f3n, limitaci\u00f3n del tratamiento y portabilidad escribi\u00e9ndonos a&nbsp;<a rel=\"noreferrer noopener\" href=\"mailto:administracion@aeemt.com\" target=\"_blank\">redaccio@mcom.cat<\/a>&nbsp;o dirigi\u00e9ndose por escrito a CABIROL PLANET S.L., a Riera Pare Fita 63, 08350 Arenys de Mar<\/p>\n<\/div>\n\n\n\n<div class=\"wp-block-column is-vertically-aligned-center gutenify-section-6f49e1f0-0dc7-11ee-9977-cd9622673252 is-layout-flow wp-block-column-is-layout-flow gtfy-19\" style=\"padding-top:40px;padding-right:40px;padding-bottom:40px;padding-left:40px\">\n<div class=\"wp-block-group alignwide has-no-hover-shadow-dark gutenify-section-6f49bae0-0dc7-11ee-9977-cd9622673252 is-layout-constrained wp-container-core-group-is-layout-69de643f wp-block-group-is-layout-constrained gtfy-18\" style=\"padding-top:40px;padding-right:40px;padding-bottom:40px;padding-left:40px\">\n<div class=\"wp-block-contact-form-7-contact-form-selector gutenify-section-6f4993d0-0dc7-11ee-9977-cd9622673252 gtfy-17\">\n<div class=\"wpcf7 no-js\" id=\"wpcf7-f8-o1\" lang=\"es-ES\" dir=\"ltr\" data-wpcf7-id=\"8\">\n<div class=\"screen-reader-response\"><p role=\"status\" aria-live=\"polite\" aria-atomic=\"true\"><\/p> <ul><\/ul><\/div>\n<form action=\"\/es\/wp-json\/wp\/v2\/pages\/133#wpcf7-f8-o1\" method=\"post\" class=\"wpcf7-form init\" aria-label=\"Formulario de contacto\" novalidate=\"novalidate\" data-status=\"init\">\n<fieldset class=\"hidden-fields-container\"><input type=\"hidden\" name=\"_wpcf7\" value=\"8\" \/><input type=\"hidden\" name=\"_wpcf7_version\" value=\"6.1.4\" \/><input type=\"hidden\" name=\"_wpcf7_locale\" value=\"es_ES\" \/><input type=\"hidden\" name=\"_wpcf7_unit_tag\" value=\"wpcf7-f8-o1\" \/><input type=\"hidden\" name=\"_wpcf7_container_post\" value=\"0\" \/><input type=\"hidden\" name=\"_wpcf7_posted_data_hash\" value=\"\" \/><input type=\"hidden\" name=\"_wpcf7_recaptcha_response\" value=\"\" \/>\n<\/fieldset>\n<p><label> Nombre<br \/>\n<span class=\"wpcf7-form-control-wrap\" data-name=\"your-name\"><input size=\"40\" maxlength=\"400\" class=\"wpcf7-form-control wpcf7-text wpcf7-validates-as-required\" autocomplete=\"name\" aria-required=\"true\" aria-invalid=\"false\" value=\"\" type=\"text\" name=\"your-name\" \/><\/span> <\/label>\n<\/p>\n<p><label> Correo electr\u00f3nico<br \/>\n<span class=\"wpcf7-form-control-wrap\" data-name=\"your-email\"><input size=\"40\" maxlength=\"400\" class=\"wpcf7-form-control wpcf7-email wpcf7-validates-as-required wpcf7-text wpcf7-validates-as-email\" autocomplete=\"email\" aria-required=\"true\" aria-invalid=\"false\" value=\"\" type=\"email\" name=\"your-email\" \/><\/span> <\/label>\n<\/p>\n<p><label> T\u00edtulo<br \/>\n<span class=\"wpcf7-form-control-wrap\" data-name=\"your-subject\"><input size=\"40\" maxlength=\"400\" class=\"wpcf7-form-control wpcf7-text wpcf7-validates-as-required\" aria-required=\"true\" aria-invalid=\"false\" value=\"\" type=\"text\" name=\"your-subject\" \/><\/span> <\/label>\n<\/p>\n<p><label> Mensaje (opcional)<br \/>\n<span class=\"wpcf7-form-control-wrap\" data-name=\"your-message\"><textarea cols=\"40\" rows=\"10\" maxlength=\"2000\" class=\"wpcf7-form-control wpcf7-textarea\" aria-invalid=\"false\" name=\"your-message\"><\/textarea><\/span> <\/label>\n<\/p>\n<p><span class=\"wpcf7-form-control-wrap\" data-name=\"acceptance-146\"><span class=\"wpcf7-form-control wpcf7-acceptance\"><span class=\"wpcf7-list-item\"><label><input type=\"checkbox\" name=\"acceptance-146\" value=\"1\" aria-invalid=\"false\" \/><span class=\"wpcf7-list-item-label\">Protecci\u00f3n de datos<\/span><\/label><\/span><\/span><\/span><br \/>\nHe le\u00eddo y acepto el Aviso legal y la pol\u00edtica de privacidad\n<\/p>\n<p><input class=\"wpcf7-form-control wpcf7-submit has-spinner\" type=\"submit\" value=\"Enviar\" \/>\n<\/p><p style=\"display: none !important;\" class=\"akismet-fields-container\" data-prefix=\"_wpcf7_ak_\"><label>&#916;<textarea name=\"_wpcf7_ak_hp_textarea\" cols=\"45\" rows=\"8\" maxlength=\"100\"><\/textarea><\/label><input type=\"hidden\" id=\"ak_js_1\" name=\"_wpcf7_ak_js\" value=\"149\"\/><script>document.getElementById( \"ak_js_1\" ).setAttribute( \"value\", ( new Date() ).getTime() );<\/script><\/p><div class=\"wpcf7-response-output\" aria-hidden=\"true\"><\/div>\n<\/form>\n<\/div>\n<\/div>\n<\/div>\n<\/div>\n<\/div>\n<\/div><\/div>\n<\/div>\n<\/div>\n","protected":false},"excerpt":{"rendered":"","protected":false},"author":1,"featured_media":0,"parent":0,"menu_order":0,"comment_status":"closed","ping_status":"closed","template":"page-no-title","meta":{"footnotes":""},"class_list":["post-133","page","type-page","status-publish","hentry"],"yoast_head":"<!-- This site is optimized with the Yoast SEO plugin v26.7 - https:\/\/yoast.com\/wordpress\/plugins\/seo\/ -->\n<title>Contacto - MCOM<\/title>\n<meta name=\"robots\" content=\"index, follow, max-snippet:-1, max-image-preview:large, max-video-preview:-1\" \/>\n<link rel=\"canonical\" href=\"https:\/\/www.mcom.cat\/es\/contacto\/\" \/>\n<meta property=\"og:locale\" content=\"es_ES\" \/>\n<meta property=\"og:type\" content=\"article\" \/>\n<meta property=\"og:title\" content=\"Contacto - MCOM\" \/>\n<meta property=\"og:url\" content=\"https:\/\/www.mcom.cat\/es\/contacto\/\" \/>\n<meta property=\"og:site_name\" content=\"MCOM\" \/>\n<meta property=\"article:modified_time\" content=\"2023-08-11T14:06:05+00:00\" \/>\n<meta property=\"og:image\" content=\"https:\/\/www.mcom.cat\/es\/wp-content\/uploads\/sites\/2\/2023\/08\/FOTO9_crisis.png\" \/>\n\t<meta property=\"og:image:width\" content=\"256\" \/>\n\t<meta property=\"og:image:height\" content=\"256\" \/>\n\t<meta property=\"og:image:type\" content=\"image\/png\" \/>\n<meta name=\"twitter:card\" content=\"summary_large_image\" \/>\n<meta name=\"twitter:label1\" content=\"Tiempo de lectura\" \/>\n\t<meta name=\"twitter:data1\" content=\"1 minuto\" \/>\n<script type=\"application\/ld+json\" class=\"yoast-schema-graph\">{\"@context\":\"https:\/\/schema.org\",\"@graph\":[{\"@type\":\"WebPage\",\"@id\":\"https:\/\/www.mcom.cat\/es\/contacto\/\",\"url\":\"https:\/\/www.mcom.cat\/es\/contacto\/\",\"name\":\"Contacto - MCOM\",\"isPartOf\":{\"@id\":\"https:\/\/www.mcom.cat\/es\/#website\"},\"primaryImageOfPage\":{\"@id\":\"https:\/\/www.mcom.cat\/es\/contacto\/#primaryimage\"},\"image\":{\"@id\":\"https:\/\/www.mcom.cat\/es\/contacto\/#primaryimage\"},\"thumbnailUrl\":\"https:\/\/demo.gutenify.com\/gutenify-business\/wp-content\/themes\/gutenify-business\/images\/inner-banner.jpg\",\"datePublished\":\"2023-08-09T14:23:10+00:00\",\"dateModified\":\"2023-08-11T14:06:05+00:00\",\"breadcrumb\":{\"@id\":\"https:\/\/www.mcom.cat\/es\/contacto\/#breadcrumb\"},\"inLanguage\":\"es\",\"potentialAction\":[{\"@type\":\"ReadAction\",\"target\":[\"https:\/\/www.mcom.cat\/es\/contacto\/\"]}]},{\"@type\":\"ImageObject\",\"inLanguage\":\"es\",\"@id\":\"https:\/\/www.mcom.cat\/es\/contacto\/#primaryimage\",\"url\":\"https:\/\/demo.gutenify.com\/gutenify-business\/wp-content\/themes\/gutenify-business\/images\/inner-banner.jpg\",\"contentUrl\":\"https:\/\/demo.gutenify.com\/gutenify-business\/wp-content\/themes\/gutenify-business\/images\/inner-banner.jpg\"},{\"@type\":\"BreadcrumbList\",\"@id\":\"https:\/\/www.mcom.cat\/es\/contacto\/#breadcrumb\",\"itemListElement\":[{\"@type\":\"ListItem\",\"position\":1,\"name\":\"Inici\",\"item\":\"https:\/\/www.mcom.cat\/es\/\"},{\"@type\":\"ListItem\",\"position\":2,\"name\":\"Contacto\"}]},{\"@type\":\"WebSite\",\"@id\":\"https:\/\/www.mcom.cat\/es\/#website\",\"url\":\"https:\/\/www.mcom.cat\/es\/\",\"name\":\"MCOM\",\"description\":\"\",\"publisher\":{\"@id\":\"https:\/\/www.mcom.cat\/es\/#organization\"},\"potentialAction\":[{\"@type\":\"SearchAction\",\"target\":{\"@type\":\"EntryPoint\",\"urlTemplate\":\"https:\/\/www.mcom.cat\/es\/?s={search_term_string}\"},\"query-input\":{\"@type\":\"PropertyValueSpecification\",\"valueRequired\":true,\"valueName\":\"search_term_string\"}}],\"inLanguage\":\"es\"},{\"@type\":\"Organization\",\"@id\":\"https:\/\/www.mcom.cat\/es\/#organization\",\"name\":\"MCOM\",\"url\":\"https:\/\/www.mcom.cat\/es\/\",\"logo\":{\"@type\":\"ImageObject\",\"inLanguage\":\"es\",\"@id\":\"https:\/\/www.mcom.cat\/es\/#\/schema\/logo\/image\/\",\"url\":\"https:\/\/www.mcom.cat\/es\/wp-content\/uploads\/sites\/2\/2023\/08\/logo_mcom.png\",\"contentUrl\":\"https:\/\/www.mcom.cat\/es\/wp-content\/uploads\/sites\/2\/2023\/08\/logo_mcom.png\",\"width\":562,\"height\":450,\"caption\":\"MCOM\"},\"image\":{\"@id\":\"https:\/\/www.mcom.cat\/es\/#\/schema\/logo\/image\/\"}}]}<\/script>\n<!-- \/ Yoast SEO plugin. -->","yoast_head_json":{"title":"Contacto - MCOM","robots":{"index":"index","follow":"follow","max-snippet":"max-snippet:-1","max-image-preview":"max-image-preview:large","max-video-preview":"max-video-preview:-1"},"canonical":"https:\/\/www.mcom.cat\/es\/contacto\/","og_locale":"es_ES","og_type":"article","og_title":"Contacto - MCOM","og_url":"https:\/\/www.mcom.cat\/es\/contacto\/","og_site_name":"MCOM","article_modified_time":"2023-08-11T14:06:05+00:00","og_image":[{"width":256,"height":256,"url":"https:\/\/www.mcom.cat\/es\/wp-content\/uploads\/sites\/2\/2023\/08\/FOTO9_crisis.png","type":"image\/png"}],"twitter_card":"summary_large_image","twitter_misc":{"Tiempo de lectura":"1 minuto"},"schema":{"@context":"https:\/\/schema.org","@graph":[{"@type":"WebPage","@id":"https:\/\/www.mcom.cat\/es\/contacto\/","url":"https:\/\/www.mcom.cat\/es\/contacto\/","name":"Contacto - MCOM","isPartOf":{"@id":"https:\/\/www.mcom.cat\/es\/#website"},"primaryImageOfPage":{"@id":"https:\/\/www.mcom.cat\/es\/contacto\/#primaryimage"},"image":{"@id":"https:\/\/www.mcom.cat\/es\/contacto\/#primaryimage"},"thumbnailUrl":"https:\/\/demo.gutenify.com\/gutenify-business\/wp-content\/themes\/gutenify-business\/images\/inner-banner.jpg","datePublished":"2023-08-09T14:23:10+00:00","dateModified":"2023-08-11T14:06:05+00:00","breadcrumb":{"@id":"https:\/\/www.mcom.cat\/es\/contacto\/#breadcrumb"},"inLanguage":"es","potentialAction":[{"@type":"ReadAction","target":["https:\/\/www.mcom.cat\/es\/contacto\/"]}]},{"@type":"ImageObject","inLanguage":"es","@id":"https:\/\/www.mcom.cat\/es\/contacto\/#primaryimage","url":"https:\/\/demo.gutenify.com\/gutenify-business\/wp-content\/themes\/gutenify-business\/images\/inner-banner.jpg","contentUrl":"https:\/\/demo.gutenify.com\/gutenify-business\/wp-content\/themes\/gutenify-business\/images\/inner-banner.jpg"},{"@type":"BreadcrumbList","@id":"https:\/\/www.mcom.cat\/es\/contacto\/#breadcrumb","itemListElement":[{"@type":"ListItem","position":1,"name":"Inici","item":"https:\/\/www.mcom.cat\/es\/"},{"@type":"ListItem","position":2,"name":"Contacto"}]},{"@type":"WebSite","@id":"https:\/\/www.mcom.cat\/es\/#website","url":"https:\/\/www.mcom.cat\/es\/","name":"MCOM","description":"","publisher":{"@id":"https:\/\/www.mcom.cat\/es\/#organization"},"potentialAction":[{"@type":"SearchAction","target":{"@type":"EntryPoint","urlTemplate":"https:\/\/www.mcom.cat\/es\/?s={search_term_string}"},"query-input":{"@type":"PropertyValueSpecification","valueRequired":true,"valueName":"search_term_string"}}],"inLanguage":"es"},{"@type":"Organization","@id":"https:\/\/www.mcom.cat\/es\/#organization","name":"MCOM","url":"https:\/\/www.mcom.cat\/es\/","logo":{"@type":"ImageObject","inLanguage":"es","@id":"https:\/\/www.mcom.cat\/es\/#\/schema\/logo\/image\/","url":"https:\/\/www.mcom.cat\/es\/wp-content\/uploads\/sites\/2\/2023\/08\/logo_mcom.png","contentUrl":"https:\/\/www.mcom.cat\/es\/wp-content\/uploads\/sites\/2\/2023\/08\/logo_mcom.png","width":562,"height":450,"caption":"MCOM"},"image":{"@id":"https:\/\/www.mcom.cat\/es\/#\/schema\/logo\/image\/"}}]}},"_links":{"self":[{"href":"https:\/\/www.mcom.cat\/es\/wp-json\/wp\/v2\/pages\/133","targetHints":{"allow":["GET"]}}],"collection":[{"href":"https:\/\/www.mcom.cat\/es\/wp-json\/wp\/v2\/pages"}],"about":[{"href":"https:\/\/www.mcom.cat\/es\/wp-json\/wp\/v2\/types\/page"}],"author":[{"embeddable":true,"href":"https:\/\/www.mcom.cat\/es\/wp-json\/wp\/v2\/users\/1"}],"replies":[{"embeddable":true,"href":"https:\/\/www.mcom.cat\/es\/wp-json\/wp\/v2\/comments?post=133"}],"version-history":[{"count":1,"href":"https:\/\/www.mcom.cat\/es\/wp-json\/wp\/v2\/pages\/133\/revisions"}],"predecessor-version":[{"id":867,"href":"https:\/\/www.mcom.cat\/es\/wp-json\/wp\/v2\/pages\/133\/revisions\/867"}],"wp:attachment":[{"href":"https:\/\/www.mcom.cat\/es\/wp-json\/wp\/v2\/media?parent=133"}],"curies":[{"name":"wp","href":"https:\/\/api.w.org\/{rel}","templated":true}]}}