{"id":134,"date":"2023-08-09T16:23:10","date_gmt":"2023-08-09T14:23:10","guid":{"rendered":"https:\/\/www.mcom.cat\/about-us\/"},"modified":"2023-08-17T20:56:55","modified_gmt":"2023-08-17T18:56:55","slug":"nosotros","status":"publish","type":"page","link":"https:\/\/www.mcom.cat\/es\/nosotros\/","title":{"rendered":"Sobre nosotros"},"content":{"rendered":"\n<div class=\"wp-block-group alignfull has-no-underline gutenify-section-45d7a640-2ad7-11ee-83d7-eb03cc20ea2f is-layout-flow wp-container-core-group-is-layout-a77db08e wp-block-group-is-layout-flow gtfy-15\">\n<div class=\"wp-block-cover is-light grayscale gutenify-section-f5fe8490-2ad6-11ee-83d7-eb03cc20ea2f gtfy-3\" style=\"min-height:405px;aspect-ratio:unset;\"><span aria-hidden=\"true\" class=\"wp-block-cover__background has-foreground-background-color has-background-dim\"><\/span><img decoding=\"async\" class=\"wp-block-cover__image-background wp-image-225\" alt=\"\" src=\"https:\/\/www.mcom.cat\/wp-content\/uploads\/sites\/2\/2023\/08\/FOTO_nosotros_titulo.jpg\" data-object-fit=\"cover\"\/><div class=\"wp-block-cover__inner-container is-layout-flow wp-block-cover-is-layout-flow\">\n<div class=\"wp-block-group alignwide gutenify-section-f5fe0f60-2ad6-11ee-83d7-eb03cc20ea2f is-layout-constrained wp-block-group-is-layout-constrained gtfy-2\"><h1 class=\"has-text-align-center alignwide wp-block-post-title has-text-color has-background-color has-large-font-size gtfy-1\">Sobre nosotros<\/h1><\/div>\n<\/div><\/div>\n\n\n\n<div class=\"wp-block-group has-background-color has-background-background-color has-text-color has-background gutenify-section-d66549f0-36ef-11ee-a36d-11c03c7c93bf is-layout-constrained wp-block-group-is-layout-constrained gtfy-5\" style=\"border-width:50px\">\n<h2 class=\"wp-block-heading has-slider-title-font-size gutenify-section-e17ad030-36ef-11ee-a36d-11c03c7c93bf gtfy-4\" style=\"font-style:normal;font-weight:700\">mCOM es un grupo de comunicaci\u00f3n que nace de la fusi\u00f3n de varias entidades y empresas con una larga experiencia<\/h2>\n<\/div>\n\n\n\n<div class=\"wp-block-group alignfull gutenify-section-f6051440-2ad6-11ee-83d7-eb03cc20ea2f is-layout-constrained wp-container-core-group-is-layout-289856b2 wp-block-group-is-layout-constrained gtfy-14\" style=\"padding-top:0px;padding-right:30px;padding-bottom:0px;padding-left:30px\">\n<div class=\"wp-block-columns alignwide gutenify-section-f604ed30-2ad6-11ee-83d7-eb03cc20ea2f is-layout-flex wp-container-core-columns-is-layout-5f15b89b wp-block-columns-is-layout-flex gtfy-13\" style=\"padding-top:0;padding-right:0;padding-bottom:0;padding-left:0\">\n<div class=\"wp-block-column is-vertically-aligned-center gutenify-section-f602ca50-2ad6-11ee-83d7-eb03cc20ea2f is-layout-flow wp-block-column-is-layout-flow gtfy-7\" style=\"flex-basis:50%\">\n<figure class=\"wp-block-image size-full is-resized gutenify-section-a5646630-36f2-11ee-969b-27ed4780206c gtfy-6\"><img loading=\"lazy\" decoding=\"async\" src=\"https:\/\/www.mcom.cat\/wp-content\/uploads\/sites\/2\/2023\/08\/FOTO_nosotros.jpg\" alt=\"\" class=\"wp-image-756\" style=\"width:529px;height:795px\" width=\"529\" height=\"795\"\/><\/figure>\n<\/div>\n\n\n\n<div class=\"wp-block-column is-vertically-aligned-center gutenify-section-f604c620-2ad6-11ee-83d7-eb03cc20ea2f is-layout-flow wp-block-column-is-layout-flow gtfy-12\" style=\"padding-top:40px;padding-right:40px;padding-bottom:40px;padding-left:40px\">\n<div class=\"wp-block-group gutenify-section-f2ece120-36f2-11ee-969b-27ed4780206c is-vertical is-layout-flex wp-container-core-group-is-layout-fe9cc265 wp-block-group-is-layout-flex gtfy-11\">\n<h2 class=\"wp-block-heading has-text-align-left gutenify-section-fdd786d0-36f2-11ee-969b-27ed4780206c gtfy-8\">Estamos especializados en servicios integrales de comunicaci\u00f3n y contamos con un amplio equipo de profesionales cualificados en los diferentes \u00e1mbitos de trabajo.<\/h2>\n\n\n\n<h6 class=\"wp-block-heading gutenify-section-0d953860-36f3-11ee-969b-27ed4780206c gtfy-9\">mCOM lo forman periodistas, ingenieros, t\u00e9cnicos audiovisuales, dise\u00f1adores gr\u00e1ficos, coaches, publicistas, community managers, inform\u00e1ticos y especialistas en todos los \u00e1mbitos de la comunicaci\u00f3n. <\/h6>\n\n\n\n<h6 class=\"wp-block-heading gutenify-section-cf2cc8c0-3d2f-11ee-b009-b58760b040b1 gtfy-10\">Disponemos de la experiencia necesaria para llevar a cabo desde la conceptualizaci\u00f3n de la idea hasta el control y evaluaci\u00f3n de su implementaci\u00f3n, analizando cada parte del proceso partiendo de una estrategia previamente establecida.<\/h6>\n<\/div>\n<\/div>\n<\/div>\n<\/div>\n<\/div>\n\n\n\n<div class=\"wp-block-group gutenify-section-fc2ed550-36f1-11ee-b17d-ab76fd043f1c is-layout-constrained wp-block-group-is-layout-constrained gtfy-18\" style=\"min-height:50px;padding-top:0;padding-bottom:0\"><\/div>\n","protected":false},"excerpt":{"rendered":"<p>mCOM es un grupo de comunicaci\u00f3n que nace de la fusi\u00f3n de varias entidades y [&hellip;]<\/p>\n","protected":false},"author":1,"featured_media":0,"parent":0,"menu_order":0,"comment_status":"closed","ping_status":"closed","template":"page-no-title","meta":{"footnotes":""},"class_list":["post-134","page","type-page","status-publish","hentry"],"yoast_head":"<!-- This site is optimized with the Yoast SEO plugin v26.7 - https:\/\/yoast.com\/wordpress\/plugins\/seo\/ -->\n<title>Sobre nosotros - MCOM<\/title>\n<meta name=\"robots\" content=\"index, follow, max-snippet:-1, max-image-preview:large, max-video-preview:-1\" \/>\n<link rel=\"canonical\" href=\"https:\/\/www.mcom.cat\/es\/nosotros\/\" \/>\n<meta property=\"og:locale\" content=\"es_ES\" \/>\n<meta property=\"og:type\" content=\"article\" \/>\n<meta property=\"og:title\" content=\"Sobre nosotros - MCOM\" \/>\n<meta property=\"og:description\" content=\"mCOM es un grupo de comunicaci\u00f3n que nace de la fusi\u00f3n de varias entidades y [&hellip;]\" \/>\n<meta property=\"og:url\" content=\"https:\/\/www.mcom.cat\/es\/nosotros\/\" \/>\n<meta property=\"og:site_name\" content=\"MCOM\" \/>\n<meta property=\"article:modified_time\" content=\"2023-08-17T18:56:55+00:00\" \/>\n<meta name=\"twitter:card\" content=\"summary_large_image\" \/>\n<meta name=\"twitter:label1\" content=\"Tiempo de lectura\" \/>\n\t<meta name=\"twitter:data1\" content=\"1 minuto\" \/>\n<script type=\"application\/ld+json\" class=\"yoast-schema-graph\">{\"@context\":\"https:\/\/schema.org\",\"@graph\":[{\"@type\":\"WebPage\",\"@id\":\"https:\/\/www.mcom.cat\/es\/nosotros\/\",\"url\":\"https:\/\/www.mcom.cat\/es\/nosotros\/\",\"name\":\"Sobre nosotros - MCOM\",\"isPartOf\":{\"@id\":\"https:\/\/www.mcom.cat\/es\/#website\"},\"primaryImageOfPage\":{\"@id\":\"https:\/\/www.mcom.cat\/es\/nosotros\/#primaryimage\"},\"image\":{\"@id\":\"https:\/\/www.mcom.cat\/es\/nosotros\/#primaryimage\"},\"thumbnailUrl\":\"https:\/\/www.mcom.cat\/wp-content\/uploads\/sites\/2\/2023\/08\/FOTO_nosotros_titulo.jpg\",\"datePublished\":\"2023-08-09T14:23:10+00:00\",\"dateModified\":\"2023-08-17T18:56:55+00:00\",\"breadcrumb\":{\"@id\":\"https:\/\/www.mcom.cat\/es\/nosotros\/#breadcrumb\"},\"inLanguage\":\"es\",\"potentialAction\":[{\"@type\":\"ReadAction\",\"target\":[\"https:\/\/www.mcom.cat\/es\/nosotros\/\"]}]},{\"@type\":\"ImageObject\",\"inLanguage\":\"es\",\"@id\":\"https:\/\/www.mcom.cat\/es\/nosotros\/#primaryimage\",\"url\":\"https:\/\/www.mcom.cat\/wp-content\/uploads\/sites\/2\/2023\/08\/FOTO_nosotros_titulo.jpg\",\"contentUrl\":\"https:\/\/www.mcom.cat\/wp-content\/uploads\/sites\/2\/2023\/08\/FOTO_nosotros_titulo.jpg\"},{\"@type\":\"BreadcrumbList\",\"@id\":\"https:\/\/www.mcom.cat\/es\/nosotros\/#breadcrumb\",\"itemListElement\":[{\"@type\":\"ListItem\",\"position\":1,\"name\":\"Inici\",\"item\":\"https:\/\/www.mcom.cat\/es\/\"},{\"@type\":\"ListItem\",\"position\":2,\"name\":\"Sobre nosotros\"}]},{\"@type\":\"WebSite\",\"@id\":\"https:\/\/www.mcom.cat\/es\/#website\",\"url\":\"https:\/\/www.mcom.cat\/es\/\",\"name\":\"MCOM\",\"description\":\"\",\"publisher\":{\"@id\":\"https:\/\/www.mcom.cat\/es\/#organization\"},\"potentialAction\":[{\"@type\":\"SearchAction\",\"target\":{\"@type\":\"EntryPoint\",\"urlTemplate\":\"https:\/\/www.mcom.cat\/es\/?s={search_term_string}\"},\"query-input\":{\"@type\":\"PropertyValueSpecification\",\"valueRequired\":true,\"valueName\":\"search_term_string\"}}],\"inLanguage\":\"es\"},{\"@type\":\"Organization\",\"@id\":\"https:\/\/www.mcom.cat\/es\/#organization\",\"name\":\"MCOM\",\"url\":\"https:\/\/www.mcom.cat\/es\/\",\"logo\":{\"@type\":\"ImageObject\",\"inLanguage\":\"es\",\"@id\":\"https:\/\/www.mcom.cat\/es\/#\/schema\/logo\/image\/\",\"url\":\"https:\/\/www.mcom.cat\/es\/wp-content\/uploads\/sites\/2\/2023\/08\/logo_mcom.png\",\"contentUrl\":\"https:\/\/www.mcom.cat\/es\/wp-content\/uploads\/sites\/2\/2023\/08\/logo_mcom.png\",\"width\":562,\"height\":450,\"caption\":\"MCOM\"},\"image\":{\"@id\":\"https:\/\/www.mcom.cat\/es\/#\/schema\/logo\/image\/\"}}]}<\/script>\n<!-- \/ Yoast SEO plugin. -->","yoast_head_json":{"title":"Sobre nosotros - MCOM","robots":{"index":"index","follow":"follow","max-snippet":"max-snippet:-1","max-image-preview":"max-image-preview:large","max-video-preview":"max-video-preview:-1"},"canonical":"https:\/\/www.mcom.cat\/es\/nosotros\/","og_locale":"es_ES","og_type":"article","og_title":"Sobre nosotros - MCOM","og_description":"mCOM es un grupo de comunicaci\u00f3n que nace de la fusi\u00f3n de varias entidades y [&hellip;]","og_url":"https:\/\/www.mcom.cat\/es\/nosotros\/","og_site_name":"MCOM","article_modified_time":"2023-08-17T18:56:55+00:00","twitter_card":"summary_large_image","twitter_misc":{"Tiempo de lectura":"1 minuto"},"schema":{"@context":"https:\/\/schema.org","@graph":[{"@type":"WebPage","@id":"https:\/\/www.mcom.cat\/es\/nosotros\/","url":"https:\/\/www.mcom.cat\/es\/nosotros\/","name":"Sobre nosotros - MCOM","isPartOf":{"@id":"https:\/\/www.mcom.cat\/es\/#website"},"primaryImageOfPage":{"@id":"https:\/\/www.mcom.cat\/es\/nosotros\/#primaryimage"},"image":{"@id":"https:\/\/www.mcom.cat\/es\/nosotros\/#primaryimage"},"thumbnailUrl":"https:\/\/www.mcom.cat\/wp-content\/uploads\/sites\/2\/2023\/08\/FOTO_nosotros_titulo.jpg","datePublished":"2023-08-09T14:23:10+00:00","dateModified":"2023-08-17T18:56:55+00:00","breadcrumb":{"@id":"https:\/\/www.mcom.cat\/es\/nosotros\/#breadcrumb"},"inLanguage":"es","potentialAction":[{"@type":"ReadAction","target":["https:\/\/www.mcom.cat\/es\/nosotros\/"]}]},{"@type":"ImageObject","inLanguage":"es","@id":"https:\/\/www.mcom.cat\/es\/nosotros\/#primaryimage","url":"https:\/\/www.mcom.cat\/wp-content\/uploads\/sites\/2\/2023\/08\/FOTO_nosotros_titulo.jpg","contentUrl":"https:\/\/www.mcom.cat\/wp-content\/uploads\/sites\/2\/2023\/08\/FOTO_nosotros_titulo.jpg"},{"@type":"BreadcrumbList","@id":"https:\/\/www.mcom.cat\/es\/nosotros\/#breadcrumb","itemListElement":[{"@type":"ListItem","position":1,"name":"Inici","item":"https:\/\/www.mcom.cat\/es\/"},{"@type":"ListItem","position":2,"name":"Sobre nosotros"}]},{"@type":"WebSite","@id":"https:\/\/www.mcom.cat\/es\/#website","url":"https:\/\/www.mcom.cat\/es\/","name":"MCOM","description":"","publisher":{"@id":"https:\/\/www.mcom.cat\/es\/#organization"},"potentialAction":[{"@type":"SearchAction","target":{"@type":"EntryPoint","urlTemplate":"https:\/\/www.mcom.cat\/es\/?s={search_term_string}"},"query-input":{"@type":"PropertyValueSpecification","valueRequired":true,"valueName":"search_term_string"}}],"inLanguage":"es"},{"@type":"Organization","@id":"https:\/\/www.mcom.cat\/es\/#organization","name":"MCOM","url":"https:\/\/www.mcom.cat\/es\/","logo":{"@type":"ImageObject","inLanguage":"es","@id":"https:\/\/www.mcom.cat\/es\/#\/schema\/logo\/image\/","url":"https:\/\/www.mcom.cat\/es\/wp-content\/uploads\/sites\/2\/2023\/08\/logo_mcom.png","contentUrl":"https:\/\/www.mcom.cat\/es\/wp-content\/uploads\/sites\/2\/2023\/08\/logo_mcom.png","width":562,"height":450,"caption":"MCOM"},"image":{"@id":"https:\/\/www.mcom.cat\/es\/#\/schema\/logo\/image\/"}}]}},"_links":{"self":[{"href":"https:\/\/www.mcom.cat\/es\/wp-json\/wp\/v2\/pages\/134","targetHints":{"allow":["GET"]}}],"collection":[{"href":"https:\/\/www.mcom.cat\/es\/wp-json\/wp\/v2\/pages"}],"about":[{"href":"https:\/\/www.mcom.cat\/es\/wp-json\/wp\/v2\/types\/page"}],"author":[{"embeddable":true,"href":"https:\/\/www.mcom.cat\/es\/wp-json\/wp\/v2\/users\/1"}],"replies":[{"embeddable":true,"href":"https:\/\/www.mcom.cat\/es\/wp-json\/wp\/v2\/comments?post=134"}],"version-history":[{"count":2,"href":"https:\/\/www.mcom.cat\/es\/wp-json\/wp\/v2\/pages\/134\/revisions"}],"predecessor-version":[{"id":866,"href":"https:\/\/www.mcom.cat\/es\/wp-json\/wp\/v2\/pages\/134\/revisions\/866"}],"wp:attachment":[{"href":"https:\/\/www.mcom.cat\/es\/wp-json\/wp\/v2\/media?parent=134"}],"curies":[{"name":"wp","href":"https:\/\/api.w.org\/{rel}","templated":true}]}}