{"id":212,"date":"2023-08-09T20:40:12","date_gmt":"2023-08-09T18:40:12","guid":{"rendered":"https:\/\/www.mcom.cat\/es\/?page_id=212"},"modified":"2023-08-16T08:30:52","modified_gmt":"2023-08-16T06:30:52","slug":"servicios","status":"publish","type":"page","link":"https:\/\/www.mcom.cat\/es\/servicios\/","title":{"rendered":"Servicios"},"content":{"rendered":"\n<div class=\"wp-block-group alignfull has-no-underline gutenify-section-f7e99470-0dc6-11ee-8dea-6752b411a41e is-layout-flow wp-container-core-group-is-layout-a77db08e wp-block-group-is-layout-flow gtfy-41\">\n<div class=\"wp-block-cover is-light grayscale gutenify-section-f7c01370-0dc6-11ee-8dea-6752b411a41e gtfy-3\" style=\"min-height:405px;aspect-ratio:unset;\"><span aria-hidden=\"true\" class=\"wp-block-cover__background has-foreground-background-color has-background-dim\"><\/span><img loading=\"lazy\" decoding=\"async\" width=\"1280\" height=\"853\" class=\"wp-block-cover__image-background wp-image-770\" alt=\"\" src=\"https:\/\/www.mcom.cat\/wp-content\/uploads\/sites\/2\/2023\/08\/FOTO13_asesoramiento.jpg\" data-object-fit=\"cover\"\/><div class=\"wp-block-cover__inner-container is-layout-flow wp-block-cover-is-layout-flow\">\n<div class=\"wp-block-group alignwide gutenify-section-f7beb3e0-0dc6-11ee-8dea-6752b411a41e is-layout-constrained wp-block-group-is-layout-constrained gtfy-2\"><h1 class=\"has-text-align-center alignwide wp-block-post-title has-text-color has-background-color has-large-font-size gtfy-1\">Servicios<\/h1><\/div>\n<\/div><\/div>\n\n\n\n<div class=\"wp-block-group alignfull has-background-background-color has-background gutenify-section-641981d0-2980-11ee-8348-033521367742 is-layout-constrained wp-container-core-group-is-layout-341efb48 wp-block-group-is-layout-constrained gtfy-40\" style=\"padding-top:100px;padding-right:30px;padding-bottom:100px;padding-left:30px\">\n<div class=\"wp-block-group gutenify-section-8933ad20-36e5-11ee-afbf-5fc3166abc9f is-vertical is-layout-flex wp-container-core-group-is-layout-fe9cc265 wp-block-group-is-layout-flex gtfy-33\">\n<div class=\"wp-block-group alignwide gutenify-section-63a3b590-2980-11ee-8348-033521367742 is-layout-constrained wp-block-group-is-layout-constrained gtfy-32\" style=\"border-bottom-color:var(--wp--preset--color--border);border-bottom-width:1px\">\n<div class=\"wp-block-group gutenify-section-ef2cb7c0-36e5-11ee-afbf-5fc3166abc9f is-layout-flow wp-container-core-group-is-layout-47e5a185 wp-block-group-is-layout-flow gtfy-5\">\n<h2 class=\"wp-block-heading gutenify-section-ef258bd0-36e5-11ee-afbf-5fc3166abc9f gtfy-4\">Los principales servicios en comunicaci\u00f3n que ofrecemos a nuestros clientes son:<\/h2>\n<\/div>\n\n\n\n<div class=\"wp-block-group has-no-hover-shadow-dark gutenify-section-63b6a150-2980-11ee-8348-033521367742 is-layout-flow wp-container-core-group-is-layout-2639b183 wp-block-group-is-layout-flow gtfy-7\" style=\"border-style:none;border-width:0px;border-radius:0px;padding-top:10px;padding-right:60px;padding-bottom:10px;padding-left:60px\">\n<h3 class=\"wp-block-heading gutenify-section-45af6f80-36e5-11ee-afbf-5fc3166abc9f gtfy-6\">Servicio de prensa institucional y para el sector privado<\/h3>\n<\/div>\n\n\n\n<div class=\"wp-block-group has-no-hover-shadow-dark gutenify-section-cc914ff0-36e5-11ee-afbf-5fc3166abc9f is-layout-flow wp-container-core-group-is-layout-2639b183 wp-block-group-is-layout-flow gtfy-9\" style=\"border-style:none;border-width:0px;border-radius:0px;padding-top:10px;padding-right:60px;padding-bottom:10px;padding-left:60px\">\n<h3 class=\"wp-block-heading gutenify-section-cc7fead0-36e5-11ee-afbf-5fc3166abc9f gtfy-8\">Servicio de clipping para instituciones y para el sector privado<\/h3>\n<\/div>\n\n\n\n<div class=\"wp-block-group has-no-hover-shadow-dark gutenify-section-f5bb5650-36e5-11ee-afbf-5fc3166abc9f is-layout-flow wp-container-core-group-is-layout-2639b183 wp-block-group-is-layout-flow gtfy-11\" style=\"border-style:none;border-width:0px;border-radius:0px;padding-top:10px;padding-right:60px;padding-bottom:10px;padding-left:60px\">\n<h3 class=\"wp-block-heading gutenify-section-f5b36710-36e5-11ee-afbf-5fc3166abc9f gtfy-10\">Creaci\u00f3n y dinamizaci\u00f3n de p\u00e1ginas web y redes sociales<\/h3>\n<\/div>\n\n\n\n<div class=\"wp-block-group has-no-hover-shadow-dark gutenify-section-0482e810-36e6-11ee-afbf-5fc3166abc9f is-layout-flow wp-container-core-group-is-layout-2639b183 wp-block-group-is-layout-flow gtfy-13\" style=\"border-style:none;border-width:0px;border-radius:0px;padding-top:10px;padding-right:60px;padding-bottom:10px;padding-left:60px\">\n<h3 class=\"wp-block-heading gutenify-section-046f6010-36e6-11ee-afbf-5fc3166abc9f gtfy-12\">Asesoramiento y producci\u00f3n en la organizaci\u00f3n de todo tipo de actos<\/h3>\n<\/div>\n\n\n\n<div class=\"wp-block-group has-no-hover-shadow-dark gutenify-section-1d9de890-36e6-11ee-afbf-5fc3166abc9f is-layout-flow wp-container-core-group-is-layout-2639b183 wp-block-group-is-layout-flow gtfy-15\" style=\"border-style:none;border-width:0px;border-radius:0px;padding-top:10px;padding-right:60px;padding-bottom:10px;padding-left:60px\">\n<h3 class=\"wp-block-heading gutenify-section-1d9731d0-36e6-11ee-afbf-5fc3166abc9f gtfy-14\">Montaje t\u00e9cnico (sonido, imagen y grabaci\u00f3n) para eventos<\/h3>\n<\/div>\n\n\n\n<div class=\"wp-block-group has-no-hover-shadow-dark gutenify-section-23d84ca0-36e6-11ee-afbf-5fc3166abc9f is-layout-flow wp-container-core-group-is-layout-2639b183 wp-block-group-is-layout-flow gtfy-17\" style=\"border-style:none;border-width:0px;border-radius:0px;padding-top:10px;padding-right:60px;padding-bottom:10px;padding-left:60px\">\n<h3 class=\"wp-block-heading gutenify-section-23c64b40-36e6-11ee-afbf-5fc3166abc9f gtfy-16\">Preparaci\u00f3n y desarrollo de campa\u00f1as publicitarias online y offline<\/h3>\n<\/div>\n\n\n\n<div class=\"wp-block-group has-no-hover-shadow-dark gutenify-section-2f7ea130-36e6-11ee-afbf-5fc3166abc9f is-layout-flow wp-container-core-group-is-layout-2639b183 wp-block-group-is-layout-flow gtfy-19\" style=\"border-style:none;border-width:0px;border-radius:0px;padding-top:10px;padding-right:60px;padding-bottom:10px;padding-left:60px\">\n<h3 class=\"wp-block-heading gutenify-section-2f72e160-36e6-11ee-afbf-5fc3166abc9f gtfy-18\">Redacci\u00f3n de todo tipo de contenidos para medios de comunicaci\u00f3n online y offline para el sector institucional y privado<\/h3>\n<\/div>\n\n\n\n<div class=\"wp-block-group has-no-hover-shadow-dark gutenify-section-423fcec0-36e6-11ee-afbf-5fc3166abc9f is-layout-flow wp-container-core-group-is-layout-2639b183 wp-block-group-is-layout-flow gtfy-21\" style=\"border-style:none;border-width:0px;border-radius:0px;padding-top:10px;padding-right:60px;padding-bottom:10px;padding-left:60px\">\n<h3 class=\"wp-block-heading gutenify-section-423b61f0-36e6-11ee-afbf-5fc3166abc9f gtfy-20\">Producci\u00f3n editorial de revistas, publicaciones y libros<\/h3>\n<\/div>\n\n\n\n<div class=\"wp-block-group has-no-hover-shadow-dark gutenify-section-506db890-36e6-11ee-afbf-5fc3166abc9f is-layout-flow wp-container-core-group-is-layout-2639b183 wp-block-group-is-layout-flow gtfy-23\" style=\"border-style:none;border-width:0px;border-radius:0px;padding-top:10px;padding-right:60px;padding-bottom:10px;padding-left:60px\">\n<h3 class=\"wp-block-heading gutenify-section-5065a240-36e6-11ee-afbf-5fc3166abc9f gtfy-22\">Asesoramiento integral en todos los \u00e1mbitos t\u00e9cnicos comunicativos<\/h3>\n<\/div>\n\n\n\n<div class=\"wp-block-group has-no-hover-shadow-dark gutenify-section-5aa3db50-36e6-11ee-afbf-5fc3166abc9f is-layout-flow wp-container-core-group-is-layout-2639b183 wp-block-group-is-layout-flow gtfy-25\" style=\"border-style:none;border-width:0px;border-radius:0px;padding-top:10px;padding-right:60px;padding-bottom:10px;padding-left:60px\">\n<h3 class=\"wp-block-heading gutenify-section-5a9164c0-36e6-11ee-afbf-5fc3166abc9f gtfy-24\">An\u00e1lisis y gesti\u00f3n de datos<\/h3>\n<\/div>\n\n\n\n<div class=\"wp-block-group has-no-hover-shadow-dark gutenify-section-65861c90-36e6-11ee-afbf-5fc3166abc9f is-layout-flow wp-container-core-group-is-layout-2639b183 wp-block-group-is-layout-flow gtfy-27\" style=\"border-style:none;border-width:0px;border-radius:0px;padding-top:10px;padding-right:60px;padding-bottom:10px;padding-left:60px\">\n<h3 class=\"wp-block-heading gutenify-section-657812d0-36e6-11ee-afbf-5fc3166abc9f gtfy-26\">Activaci\u00f3n de medios de comunicaci\u00f3n: radio, televisi\u00f3n y publicaciones online y offline<\/h3>\n<\/div>\n\n\n\n<div class=\"wp-block-group has-no-hover-shadow-dark gutenify-section-6dd49390-36e6-11ee-afbf-5fc3166abc9f is-layout-flow wp-container-core-group-is-layout-2639b183 wp-block-group-is-layout-flow gtfy-29\" style=\"border-style:none;border-width:0px;border-radius:0px;padding-top:10px;padding-right:60px;padding-bottom:10px;padding-left:60px\">\n<h3 class=\"wp-block-heading gutenify-section-6dc7c250-36e6-11ee-afbf-5fc3166abc9f gtfy-28\">Marketing<\/h3>\n<\/div>\n\n\n\n<div class=\"wp-block-group has-no-hover-shadow-dark gutenify-section-7480cc40-36e6-11ee-afbf-5fc3166abc9f is-layout-flow wp-container-core-group-is-layout-2639b183 wp-block-group-is-layout-flow gtfy-31\" style=\"border-style:none;border-width:0px;border-radius:0px;padding-top:10px;padding-right:60px;padding-bottom:10px;padding-left:60px\">\n<h3 class=\"wp-block-heading gutenify-section-74744920-36e6-11ee-afbf-5fc3166abc9f gtfy-30\">Campa\u00f1as y asesoramiento para grupos de influencia<\/h3>\n<\/div>\n<\/div>\n<\/div>\n\n\n\n<div class=\"wp-block-group gutenify-section-8e6d74a0-36e6-11ee-afbf-5fc3166abc9f is-layout-flow wp-container-core-group-is-layout-47e5a185 wp-block-group-is-layout-flow gtfy-35\">\n<h2 class=\"wp-block-heading gutenify-section-8e684480-36e6-11ee-afbf-5fc3166abc9f gtfy-34\">Tambi\u00e9n trabajamos en \u00e1mbito de la formaci\u00f3n y la educaci\u00f3n, donde realizamos:<\/h2>\n<\/div>\n\n\n\n<div class=\"wp-block-group has-no-hover-shadow-dark gutenify-section-9e55b8a0-36e6-11ee-afbf-5fc3166abc9f is-layout-flow wp-container-core-group-is-layout-2639b183 wp-block-group-is-layout-flow gtfy-37\" style=\"border-style:none;border-width:0px;border-radius:0px;padding-top:10px;padding-right:60px;padding-bottom:10px;padding-left:60px\">\n<h3 class=\"wp-block-heading gutenify-section-9e4d0610-36e6-11ee-afbf-5fc3166abc9f gtfy-36\">Cursos online y offline de formaci\u00f3n en \u00e1mbitos de crecimiento personal y desarrollo de la empresa<\/h3>\n<\/div>\n\n\n\n<div class=\"wp-block-group has-no-hover-shadow-dark gutenify-section-ad316ea0-36e6-11ee-afbf-5fc3166abc9f is-layout-flow wp-container-core-group-is-layout-2639b183 wp-block-group-is-layout-flow gtfy-39\" style=\"border-style:none;border-width:0px;border-radius:0px;padding-top:10px;padding-right:60px;padding-bottom:10px;padding-left:60px\">\n<h3 class=\"wp-block-heading gutenify-section-ad297f60-36e6-11ee-afbf-5fc3166abc9f gtfy-38\">Coach, assessoramiento y seguimiento de proyectos<\/h3>\n<\/div>\n<\/div>\n<\/div>\n","protected":false},"excerpt":{"rendered":"<p>Los principales servicios en comunicaci\u00f3n que ofrecemos a nuestros clientes son: Servicio de prensa institucional [&hellip;]<\/p>\n","protected":false},"author":1,"featured_media":0,"parent":0,"menu_order":0,"comment_status":"closed","ping_status":"closed","template":"page-no-title","meta":{"footnotes":""},"class_list":["post-212","page","type-page","status-publish","hentry"],"yoast_head":"<!-- This site is optimized with the Yoast SEO plugin v26.7 - https:\/\/yoast.com\/wordpress\/plugins\/seo\/ -->\n<title>Servicios - MCOM<\/title>\n<meta name=\"robots\" content=\"index, follow, max-snippet:-1, max-image-preview:large, max-video-preview:-1\" \/>\n<link rel=\"canonical\" href=\"https:\/\/www.mcom.cat\/es\/servicios\/\" \/>\n<meta property=\"og:locale\" content=\"es_ES\" \/>\n<meta property=\"og:type\" content=\"article\" \/>\n<meta property=\"og:title\" content=\"Servicios - MCOM\" \/>\n<meta property=\"og:description\" content=\"Los principales servicios en comunicaci\u00f3n que ofrecemos a nuestros clientes son: Servicio de prensa institucional [&hellip;]\" \/>\n<meta property=\"og:url\" content=\"https:\/\/www.mcom.cat\/es\/servicios\/\" \/>\n<meta property=\"og:site_name\" content=\"MCOM\" \/>\n<meta property=\"article:modified_time\" content=\"2023-08-16T06:30:52+00:00\" \/>\n<meta property=\"og:image\" content=\"https:\/\/www.mcom.cat\/es\/wp-content\/uploads\/sites\/2\/2023\/08\/FOTO13_asesoramiento.jpg\" \/>\n\t<meta property=\"og:image:width\" content=\"1280\" \/>\n\t<meta property=\"og:image:height\" content=\"853\" \/>\n\t<meta property=\"og:image:type\" content=\"image\/jpeg\" \/>\n<meta name=\"twitter:card\" content=\"summary_large_image\" \/>\n<meta name=\"twitter:label1\" content=\"Tiempo de lectura\" \/>\n\t<meta name=\"twitter:data1\" content=\"1 minuto\" \/>\n<script type=\"application\/ld+json\" class=\"yoast-schema-graph\">{\"@context\":\"https:\/\/schema.org\",\"@graph\":[{\"@type\":\"WebPage\",\"@id\":\"https:\/\/www.mcom.cat\/es\/servicios\/\",\"url\":\"https:\/\/www.mcom.cat\/es\/servicios\/\",\"name\":\"Servicios - MCOM\",\"isPartOf\":{\"@id\":\"https:\/\/www.mcom.cat\/es\/#website\"},\"primaryImageOfPage\":{\"@id\":\"https:\/\/www.mcom.cat\/es\/servicios\/#primaryimage\"},\"image\":{\"@id\":\"https:\/\/www.mcom.cat\/es\/servicios\/#primaryimage\"},\"thumbnailUrl\":\"https:\/\/www.mcom.cat\/wp-content\/uploads\/sites\/2\/2023\/08\/FOTO13_asesoramiento.jpg\",\"datePublished\":\"2023-08-09T18:40:12+00:00\",\"dateModified\":\"2023-08-16T06:30:52+00:00\",\"breadcrumb\":{\"@id\":\"https:\/\/www.mcom.cat\/es\/servicios\/#breadcrumb\"},\"inLanguage\":\"es\",\"potentialAction\":[{\"@type\":\"ReadAction\",\"target\":[\"https:\/\/www.mcom.cat\/es\/servicios\/\"]}]},{\"@type\":\"ImageObject\",\"inLanguage\":\"es\",\"@id\":\"https:\/\/www.mcom.cat\/es\/servicios\/#primaryimage\",\"url\":\"https:\/\/www.mcom.cat\/wp-content\/uploads\/sites\/2\/2023\/08\/FOTO13_asesoramiento.jpg\",\"contentUrl\":\"https:\/\/www.mcom.cat\/wp-content\/uploads\/sites\/2\/2023\/08\/FOTO13_asesoramiento.jpg\"},{\"@type\":\"BreadcrumbList\",\"@id\":\"https:\/\/www.mcom.cat\/es\/servicios\/#breadcrumb\",\"itemListElement\":[{\"@type\":\"ListItem\",\"position\":1,\"name\":\"Inici\",\"item\":\"https:\/\/www.mcom.cat\/es\/\"},{\"@type\":\"ListItem\",\"position\":2,\"name\":\"Servicios\"}]},{\"@type\":\"WebSite\",\"@id\":\"https:\/\/www.mcom.cat\/es\/#website\",\"url\":\"https:\/\/www.mcom.cat\/es\/\",\"name\":\"MCOM\",\"description\":\"\",\"publisher\":{\"@id\":\"https:\/\/www.mcom.cat\/es\/#organization\"},\"potentialAction\":[{\"@type\":\"SearchAction\",\"target\":{\"@type\":\"EntryPoint\",\"urlTemplate\":\"https:\/\/www.mcom.cat\/es\/?s={search_term_string}\"},\"query-input\":{\"@type\":\"PropertyValueSpecification\",\"valueRequired\":true,\"valueName\":\"search_term_string\"}}],\"inLanguage\":\"es\"},{\"@type\":\"Organization\",\"@id\":\"https:\/\/www.mcom.cat\/es\/#organization\",\"name\":\"MCOM\",\"url\":\"https:\/\/www.mcom.cat\/es\/\",\"logo\":{\"@type\":\"ImageObject\",\"inLanguage\":\"es\",\"@id\":\"https:\/\/www.mcom.cat\/es\/#\/schema\/logo\/image\/\",\"url\":\"https:\/\/www.mcom.cat\/es\/wp-content\/uploads\/sites\/2\/2023\/08\/logo_mcom.png\",\"contentUrl\":\"https:\/\/www.mcom.cat\/es\/wp-content\/uploads\/sites\/2\/2023\/08\/logo_mcom.png\",\"width\":562,\"height\":450,\"caption\":\"MCOM\"},\"image\":{\"@id\":\"https:\/\/www.mcom.cat\/es\/#\/schema\/logo\/image\/\"}}]}<\/script>\n<!-- \/ Yoast SEO plugin. -->","yoast_head_json":{"title":"Servicios - MCOM","robots":{"index":"index","follow":"follow","max-snippet":"max-snippet:-1","max-image-preview":"max-image-preview:large","max-video-preview":"max-video-preview:-1"},"canonical":"https:\/\/www.mcom.cat\/es\/servicios\/","og_locale":"es_ES","og_type":"article","og_title":"Servicios - MCOM","og_description":"Los principales servicios en comunicaci\u00f3n que ofrecemos a nuestros clientes son: Servicio de prensa institucional [&hellip;]","og_url":"https:\/\/www.mcom.cat\/es\/servicios\/","og_site_name":"MCOM","article_modified_time":"2023-08-16T06:30:52+00:00","og_image":[{"width":1280,"height":853,"url":"https:\/\/www.mcom.cat\/es\/wp-content\/uploads\/sites\/2\/2023\/08\/FOTO13_asesoramiento.jpg","type":"image\/jpeg"}],"twitter_card":"summary_large_image","twitter_misc":{"Tiempo de lectura":"1 minuto"},"schema":{"@context":"https:\/\/schema.org","@graph":[{"@type":"WebPage","@id":"https:\/\/www.mcom.cat\/es\/servicios\/","url":"https:\/\/www.mcom.cat\/es\/servicios\/","name":"Servicios - MCOM","isPartOf":{"@id":"https:\/\/www.mcom.cat\/es\/#website"},"primaryImageOfPage":{"@id":"https:\/\/www.mcom.cat\/es\/servicios\/#primaryimage"},"image":{"@id":"https:\/\/www.mcom.cat\/es\/servicios\/#primaryimage"},"thumbnailUrl":"https:\/\/www.mcom.cat\/wp-content\/uploads\/sites\/2\/2023\/08\/FOTO13_asesoramiento.jpg","datePublished":"2023-08-09T18:40:12+00:00","dateModified":"2023-08-16T06:30:52+00:00","breadcrumb":{"@id":"https:\/\/www.mcom.cat\/es\/servicios\/#breadcrumb"},"inLanguage":"es","potentialAction":[{"@type":"ReadAction","target":["https:\/\/www.mcom.cat\/es\/servicios\/"]}]},{"@type":"ImageObject","inLanguage":"es","@id":"https:\/\/www.mcom.cat\/es\/servicios\/#primaryimage","url":"https:\/\/www.mcom.cat\/wp-content\/uploads\/sites\/2\/2023\/08\/FOTO13_asesoramiento.jpg","contentUrl":"https:\/\/www.mcom.cat\/wp-content\/uploads\/sites\/2\/2023\/08\/FOTO13_asesoramiento.jpg"},{"@type":"BreadcrumbList","@id":"https:\/\/www.mcom.cat\/es\/servicios\/#breadcrumb","itemListElement":[{"@type":"ListItem","position":1,"name":"Inici","item":"https:\/\/www.mcom.cat\/es\/"},{"@type":"ListItem","position":2,"name":"Servicios"}]},{"@type":"WebSite","@id":"https:\/\/www.mcom.cat\/es\/#website","url":"https:\/\/www.mcom.cat\/es\/","name":"MCOM","description":"","publisher":{"@id":"https:\/\/www.mcom.cat\/es\/#organization"},"potentialAction":[{"@type":"SearchAction","target":{"@type":"EntryPoint","urlTemplate":"https:\/\/www.mcom.cat\/es\/?s={search_term_string}"},"query-input":{"@type":"PropertyValueSpecification","valueRequired":true,"valueName":"search_term_string"}}],"inLanguage":"es"},{"@type":"Organization","@id":"https:\/\/www.mcom.cat\/es\/#organization","name":"MCOM","url":"https:\/\/www.mcom.cat\/es\/","logo":{"@type":"ImageObject","inLanguage":"es","@id":"https:\/\/www.mcom.cat\/es\/#\/schema\/logo\/image\/","url":"https:\/\/www.mcom.cat\/es\/wp-content\/uploads\/sites\/2\/2023\/08\/logo_mcom.png","contentUrl":"https:\/\/www.mcom.cat\/es\/wp-content\/uploads\/sites\/2\/2023\/08\/logo_mcom.png","width":562,"height":450,"caption":"MCOM"},"image":{"@id":"https:\/\/www.mcom.cat\/es\/#\/schema\/logo\/image\/"}}]}},"_links":{"self":[{"href":"https:\/\/www.mcom.cat\/es\/wp-json\/wp\/v2\/pages\/212","targetHints":{"allow":["GET"]}}],"collection":[{"href":"https:\/\/www.mcom.cat\/es\/wp-json\/wp\/v2\/pages"}],"about":[{"href":"https:\/\/www.mcom.cat\/es\/wp-json\/wp\/v2\/types\/page"}],"author":[{"embeddable":true,"href":"https:\/\/www.mcom.cat\/es\/wp-json\/wp\/v2\/users\/1"}],"replies":[{"embeddable":true,"href":"https:\/\/www.mcom.cat\/es\/wp-json\/wp\/v2\/comments?post=212"}],"version-history":[{"count":1,"href":"https:\/\/www.mcom.cat\/es\/wp-json\/wp\/v2\/pages\/212\/revisions"}],"predecessor-version":[{"id":868,"href":"https:\/\/www.mcom.cat\/es\/wp-json\/wp\/v2\/pages\/212\/revisions\/868"}],"wp:attachment":[{"href":"https:\/\/www.mcom.cat\/es\/wp-json\/wp\/v2\/media?parent=212"}],"curies":[{"name":"wp","href":"https:\/\/api.w.org\/{rel}","templated":true}]}}