{"id":271,"date":"2023-08-10T19:37:54","date_gmt":"2023-08-10T17:37:54","guid":{"rendered":"https:\/\/www.mcom.cat\/es\/?page_id=271"},"modified":"2023-08-17T23:10:16","modified_gmt":"2023-08-17T21:10:16","slug":"marketing-y-publicidad","status":"publish","type":"page","link":"https:\/\/www.mcom.cat\/es\/marketing-y-publicidad\/","title":{"rendered":"Marketing y Publicidad"},"content":{"rendered":"\n<div class=\"wp-block-group alignfull has-no-underline gutenify-section-f7e99470-0dc6-11ee-8dea-6752b411a41e is-layout-flow wp-container-core-group-is-layout-a77db08e wp-block-group-is-layout-flow gtfy-24\">\n<div class=\"wp-block-cover grayscale gutenify-section-f7c01370-0dc6-11ee-8dea-6752b411a41e gtfy-3\" style=\"min-height:405px;aspect-ratio:unset;\"><span aria-hidden=\"true\" class=\"wp-block-cover__background has-foreground-background-color has-background-dim\"><\/span><img loading=\"lazy\" decoding=\"async\" width=\"600\" height=\"360\" class=\"wp-block-cover__image-background wp-image-761\" alt=\"\" src=\"https:\/\/www.mcom.cat\/wp-content\/uploads\/sites\/2\/2023\/08\/FOTO4_marketing-1.jpg\" data-object-fit=\"cover\"\/><div class=\"wp-block-cover__inner-container is-layout-flow wp-block-cover-is-layout-flow\">\n<div class=\"wp-block-group alignwide gutenify-section-f7beb3e0-0dc6-11ee-8dea-6752b411a41e is-layout-constrained wp-block-group-is-layout-constrained gtfy-2\"><h1 class=\"has-text-align-center alignwide wp-block-post-title has-text-color has-background-color has-large-font-size gtfy-1\">Marketing y Publicidad<\/h1><\/div>\n<\/div><\/div>\n\n\n\n<div class=\"wp-block-group alignfull has-background-background-color has-background gutenify-section-641981d0-2980-11ee-8348-033521367742 is-layout-constrained wp-container-core-group-is-layout-341efb48 wp-block-group-is-layout-constrained gtfy-23\" style=\"padding-top:100px;padding-right:30px;padding-bottom:100px;padding-left:30px\">\n<div class=\"wp-block-group gutenify-section-63a192b0-2980-11ee-8348-033521367742 is-layout-flow wp-container-core-group-is-layout-47e5a185 wp-block-group-is-layout-flow gtfy-5\">\n<h5 class=\"wp-block-heading gutenify-section-ef0cecc0-377f-11ee-bb2f-65d6d384f0b1 gtfy-4\">Logramos desplegar estrategias enfocadas a la generaci\u00f3n de tr\u00e1fico, captaci\u00f3n de oportunidades y clientes, aumentando el <em>engagement<\/em> en base a la creaci\u00f3n de contenido que mejore la imagen de la marca, haci\u00e9ndola m\u00e1s atractiva para el p\u00fablico potencial.<\/h5>\n<\/div>\n\n\n\n<div class=\"wp-block-group has-background-secondary-background-color has-background gutenify-section-e03b7bb0-379a-11ee-a96b-4b4a463fd9d3 is-vertical is-layout-flex wp-container-core-group-is-layout-71a730a2 wp-block-group-is-layout-flex gtfy-12\" style=\"padding-top:var(--wp--preset--spacing--60);padding-right:var(--wp--preset--spacing--60);padding-bottom:var(--wp--preset--spacing--60);padding-left:var(--wp--preset--spacing--60)\">\n<div class=\"wp-block-columns gutenify-section-3483d3d0-379a-11ee-a96b-4b4a463fd9d3 is-layout-flex wp-container-core-columns-is-layout-28f84493 wp-block-columns-is-layout-flex gtfy-11\">\n<div class=\"wp-block-column gutenify-section-38242c10-379a-11ee-a96b-4b4a463fd9d3 is-layout-flow wp-block-column-is-layout-flow gtfy-8\">\n<h6 class=\"wp-block-heading gutenify-section-3e54a510-379a-11ee-a96b-4b4a463fd9d3 gtfy-6\">Nuestro objetivo es ayudarte a comunicar mediante las estrategias de marketing que mejor se adapten al target, optimizando los recursos y creando un plan que establezca los pasos a seguir para lograr el objetivo marcado. <\/h6>\n\n\n\n<h6 class=\"wp-block-heading gutenify-section-6b5ae940-3d42-11ee-ab67-f38d7e0ad54c gtfy-7\">Nos encargamos de hacer el seguimiento y de analizar el sector para aplicar todos los cambios en funci\u00f3n de las nuevas tendencias.<\/h6>\n<\/div>\n\n\n\n<div class=\"wp-block-column gutenify-section-3826eb30-379a-11ee-a96b-4b4a463fd9d3 is-layout-flow wp-block-column-is-layout-flow gtfy-10\" style=\"flex-basis:69%\">\n<figure class=\"wp-block-image size-full is-resized gutenify-section-4583a250-379a-11ee-a96b-4b4a463fd9d3 gtfy-9\"><img loading=\"lazy\" decoding=\"async\" src=\"https:\/\/www.mcom.cat\/wp-content\/uploads\/sites\/2\/2023\/08\/FOTO18_ideas.jpg\" alt=\"\" class=\"wp-image-749\" style=\"object-fit:contain;width:559px;height:373px\" width=\"559\" height=\"373\"\/><\/figure>\n<\/div>\n<\/div>\n<\/div>\n\n\n\n<div class=\"wp-block-group gutenify-section-59d90dd0-3781-11ee-bb2f-65d6d384f0b1 is-layout-constrained wp-block-group-is-layout-constrained gtfy-22\">\n<div class=\"wp-block-group gutenify-section-79697f90-3781-11ee-bb2f-65d6d384f0b1 is-vertical is-layout-flex wp-container-core-group-is-layout-fe9cc265 wp-block-group-is-layout-flex gtfy-21\">\n<h5 class=\"wp-block-heading gutenify-section-6549fa80-3781-11ee-bb2f-65d6d384f0b1 gtfy-13\">El objetivo es posicionar la marca tanto si es de nueva creaci\u00f3n como si ya lleva un recorrido a sus espaldas, consiguiendo, a trav\u00e9s de estrategias de inbound marketing, crear un contenido de valor a\u00f1adido que logr\u00e9 convencer al p\u00fablico.<\/h5>\n\n\n\n<div class=\"wp-block-group has-background-secondary-background-color has-background gutenify-section-179554c0-37a8-11ee-84be-e10a22bd949c is-vertical is-layout-flex wp-container-core-group-is-layout-71a730a2 wp-block-group-is-layout-flex gtfy-20\" style=\"padding-top:var(--wp--preset--spacing--60);padding-right:var(--wp--preset--spacing--60);padding-bottom:var(--wp--preset--spacing--60);padding-left:var(--wp--preset--spacing--60)\">\n<div class=\"wp-block-columns gutenify-section-179358f0-37a8-11ee-84be-e10a22bd949c is-layout-flex wp-container-core-columns-is-layout-28f84493 wp-block-columns-is-layout-flex gtfy-19\">\n<div class=\"wp-block-column gutenify-section-178c7b20-37a8-11ee-84be-e10a22bd949c is-layout-flow wp-block-column-is-layout-flow gtfy-15\" style=\"flex-basis:33%\">\n<figure class=\"wp-block-image size-full gutenify-section-178eec20-37a8-11ee-84be-e10a22bd949c gtfy-14\"><img loading=\"lazy\" decoding=\"async\" width=\"1000\" height=\"667\" src=\"https:\/\/www.mcom.cat\/wp-content\/uploads\/sites\/2\/2023\/08\/FOTO17_marketing.jpg\" alt=\"\" class=\"wp-image-747\" style=\"object-fit:cover\"\/><\/figure>\n<\/div>\n\n\n\n<div class=\"wp-block-column gutenify-section-17910f00-37a8-11ee-84be-e10a22bd949c is-layout-flow wp-block-column-is-layout-flow gtfy-18\">\n<h6 class=\"wp-block-heading gutenify-section-178a0a20-37a8-11ee-84be-e10a22bd949c gtfy-16\">Las redes sociales son el canal m\u00e1s extendido para hacer llegar el mensaje al mayor n\u00famero de personas posible, que a su vez son el p\u00fablico potencial. <\/h6>\n\n\n\n<h6 class=\"wp-block-heading gutenify-section-6d945e80-3d42-11ee-ab67-f38d7e0ad54c gtfy-17\">Dominamos el sector digital gracias a un equipo multidisciplinar que incluye community managers y expertos en posicionamiento SEO y SEM, an\u00e1lisis de datos y campa\u00f1as publicitarias en redes sociales, buscando el m\u00e1ximo rendimiento.<\/h6>\n<\/div>\n<\/div>\n<\/div>\n<\/div>\n<\/div>\n<\/div>\n<\/div>\n","protected":false},"excerpt":{"rendered":"<p>Logramos desplegar estrategias enfocadas a la generaci\u00f3n de tr\u00e1fico, captaci\u00f3n de oportunidades y clientes, aumentando [&hellip;]<\/p>\n","protected":false},"author":1,"featured_media":0,"parent":0,"menu_order":0,"comment_status":"closed","ping_status":"closed","template":"page-no-title","meta":{"footnotes":""},"class_list":["post-271","page","type-page","status-publish","hentry"],"yoast_head":"<!-- This site is optimized with the Yoast SEO plugin v26.7 - https:\/\/yoast.com\/wordpress\/plugins\/seo\/ -->\n<title>Marketing y Publicidad - MCOM<\/title>\n<meta name=\"robots\" content=\"index, follow, max-snippet:-1, max-image-preview:large, max-video-preview:-1\" \/>\n<link rel=\"canonical\" href=\"https:\/\/www.mcom.cat\/es\/marketing-y-publicidad\/\" \/>\n<meta property=\"og:locale\" content=\"es_ES\" \/>\n<meta property=\"og:type\" content=\"article\" \/>\n<meta property=\"og:title\" content=\"Marketing y Publicidad - MCOM\" \/>\n<meta property=\"og:description\" content=\"Logramos desplegar estrategias enfocadas a la generaci\u00f3n de tr\u00e1fico, captaci\u00f3n de oportunidades y clientes, aumentando [&hellip;]\" \/>\n<meta property=\"og:url\" content=\"https:\/\/www.mcom.cat\/es\/marketing-y-publicidad\/\" \/>\n<meta property=\"og:site_name\" content=\"MCOM\" \/>\n<meta property=\"article:modified_time\" content=\"2023-08-17T21:10:16+00:00\" \/>\n<meta property=\"og:image\" content=\"https:\/\/www.mcom.cat\/es\/wp-content\/uploads\/sites\/2\/2023\/08\/FOTO4_marketing-1.jpg\" \/>\n\t<meta property=\"og:image:width\" content=\"600\" \/>\n\t<meta property=\"og:image:height\" content=\"360\" \/>\n\t<meta property=\"og:image:type\" content=\"image\/jpeg\" \/>\n<meta name=\"twitter:card\" content=\"summary_large_image\" \/>\n<meta name=\"twitter:label1\" content=\"Tiempo de lectura\" \/>\n\t<meta name=\"twitter:data1\" content=\"1 minuto\" \/>\n<script type=\"application\/ld+json\" class=\"yoast-schema-graph\">{\"@context\":\"https:\/\/schema.org\",\"@graph\":[{\"@type\":\"WebPage\",\"@id\":\"https:\/\/www.mcom.cat\/es\/marketing-y-publicidad\/\",\"url\":\"https:\/\/www.mcom.cat\/es\/marketing-y-publicidad\/\",\"name\":\"Marketing y Publicidad - MCOM\",\"isPartOf\":{\"@id\":\"https:\/\/www.mcom.cat\/es\/#website\"},\"primaryImageOfPage\":{\"@id\":\"https:\/\/www.mcom.cat\/es\/marketing-y-publicidad\/#primaryimage\"},\"image\":{\"@id\":\"https:\/\/www.mcom.cat\/es\/marketing-y-publicidad\/#primaryimage\"},\"thumbnailUrl\":\"https:\/\/www.mcom.cat\/wp-content\/uploads\/sites\/2\/2023\/08\/FOTO4_marketing-1.jpg\",\"datePublished\":\"2023-08-10T17:37:54+00:00\",\"dateModified\":\"2023-08-17T21:10:16+00:00\",\"breadcrumb\":{\"@id\":\"https:\/\/www.mcom.cat\/es\/marketing-y-publicidad\/#breadcrumb\"},\"inLanguage\":\"es\",\"potentialAction\":[{\"@type\":\"ReadAction\",\"target\":[\"https:\/\/www.mcom.cat\/es\/marketing-y-publicidad\/\"]}]},{\"@type\":\"ImageObject\",\"inLanguage\":\"es\",\"@id\":\"https:\/\/www.mcom.cat\/es\/marketing-y-publicidad\/#primaryimage\",\"url\":\"https:\/\/www.mcom.cat\/wp-content\/uploads\/sites\/2\/2023\/08\/FOTO4_marketing-1.jpg\",\"contentUrl\":\"https:\/\/www.mcom.cat\/wp-content\/uploads\/sites\/2\/2023\/08\/FOTO4_marketing-1.jpg\"},{\"@type\":\"BreadcrumbList\",\"@id\":\"https:\/\/www.mcom.cat\/es\/marketing-y-publicidad\/#breadcrumb\",\"itemListElement\":[{\"@type\":\"ListItem\",\"position\":1,\"name\":\"Inici\",\"item\":\"https:\/\/www.mcom.cat\/es\/\"},{\"@type\":\"ListItem\",\"position\":2,\"name\":\"Marketing y Publicidad\"}]},{\"@type\":\"WebSite\",\"@id\":\"https:\/\/www.mcom.cat\/es\/#website\",\"url\":\"https:\/\/www.mcom.cat\/es\/\",\"name\":\"MCOM\",\"description\":\"\",\"publisher\":{\"@id\":\"https:\/\/www.mcom.cat\/es\/#organization\"},\"potentialAction\":[{\"@type\":\"SearchAction\",\"target\":{\"@type\":\"EntryPoint\",\"urlTemplate\":\"https:\/\/www.mcom.cat\/es\/?s={search_term_string}\"},\"query-input\":{\"@type\":\"PropertyValueSpecification\",\"valueRequired\":true,\"valueName\":\"search_term_string\"}}],\"inLanguage\":\"es\"},{\"@type\":\"Organization\",\"@id\":\"https:\/\/www.mcom.cat\/es\/#organization\",\"name\":\"MCOM\",\"url\":\"https:\/\/www.mcom.cat\/es\/\",\"logo\":{\"@type\":\"ImageObject\",\"inLanguage\":\"es\",\"@id\":\"https:\/\/www.mcom.cat\/es\/#\/schema\/logo\/image\/\",\"url\":\"https:\/\/www.mcom.cat\/es\/wp-content\/uploads\/sites\/2\/2023\/08\/logo_mcom.png\",\"contentUrl\":\"https:\/\/www.mcom.cat\/es\/wp-content\/uploads\/sites\/2\/2023\/08\/logo_mcom.png\",\"width\":562,\"height\":450,\"caption\":\"MCOM\"},\"image\":{\"@id\":\"https:\/\/www.mcom.cat\/es\/#\/schema\/logo\/image\/\"}}]}<\/script>\n<!-- \/ Yoast SEO plugin. -->","yoast_head_json":{"title":"Marketing y Publicidad - MCOM","robots":{"index":"index","follow":"follow","max-snippet":"max-snippet:-1","max-image-preview":"max-image-preview:large","max-video-preview":"max-video-preview:-1"},"canonical":"https:\/\/www.mcom.cat\/es\/marketing-y-publicidad\/","og_locale":"es_ES","og_type":"article","og_title":"Marketing y Publicidad - MCOM","og_description":"Logramos desplegar estrategias enfocadas a la generaci\u00f3n de tr\u00e1fico, captaci\u00f3n de oportunidades y clientes, aumentando [&hellip;]","og_url":"https:\/\/www.mcom.cat\/es\/marketing-y-publicidad\/","og_site_name":"MCOM","article_modified_time":"2023-08-17T21:10:16+00:00","og_image":[{"width":600,"height":360,"url":"https:\/\/www.mcom.cat\/es\/wp-content\/uploads\/sites\/2\/2023\/08\/FOTO4_marketing-1.jpg","type":"image\/jpeg"}],"twitter_card":"summary_large_image","twitter_misc":{"Tiempo de lectura":"1 minuto"},"schema":{"@context":"https:\/\/schema.org","@graph":[{"@type":"WebPage","@id":"https:\/\/www.mcom.cat\/es\/marketing-y-publicidad\/","url":"https:\/\/www.mcom.cat\/es\/marketing-y-publicidad\/","name":"Marketing y Publicidad - MCOM","isPartOf":{"@id":"https:\/\/www.mcom.cat\/es\/#website"},"primaryImageOfPage":{"@id":"https:\/\/www.mcom.cat\/es\/marketing-y-publicidad\/#primaryimage"},"image":{"@id":"https:\/\/www.mcom.cat\/es\/marketing-y-publicidad\/#primaryimage"},"thumbnailUrl":"https:\/\/www.mcom.cat\/wp-content\/uploads\/sites\/2\/2023\/08\/FOTO4_marketing-1.jpg","datePublished":"2023-08-10T17:37:54+00:00","dateModified":"2023-08-17T21:10:16+00:00","breadcrumb":{"@id":"https:\/\/www.mcom.cat\/es\/marketing-y-publicidad\/#breadcrumb"},"inLanguage":"es","potentialAction":[{"@type":"ReadAction","target":["https:\/\/www.mcom.cat\/es\/marketing-y-publicidad\/"]}]},{"@type":"ImageObject","inLanguage":"es","@id":"https:\/\/www.mcom.cat\/es\/marketing-y-publicidad\/#primaryimage","url":"https:\/\/www.mcom.cat\/wp-content\/uploads\/sites\/2\/2023\/08\/FOTO4_marketing-1.jpg","contentUrl":"https:\/\/www.mcom.cat\/wp-content\/uploads\/sites\/2\/2023\/08\/FOTO4_marketing-1.jpg"},{"@type":"BreadcrumbList","@id":"https:\/\/www.mcom.cat\/es\/marketing-y-publicidad\/#breadcrumb","itemListElement":[{"@type":"ListItem","position":1,"name":"Inici","item":"https:\/\/www.mcom.cat\/es\/"},{"@type":"ListItem","position":2,"name":"Marketing y Publicidad"}]},{"@type":"WebSite","@id":"https:\/\/www.mcom.cat\/es\/#website","url":"https:\/\/www.mcom.cat\/es\/","name":"MCOM","description":"","publisher":{"@id":"https:\/\/www.mcom.cat\/es\/#organization"},"potentialAction":[{"@type":"SearchAction","target":{"@type":"EntryPoint","urlTemplate":"https:\/\/www.mcom.cat\/es\/?s={search_term_string}"},"query-input":{"@type":"PropertyValueSpecification","valueRequired":true,"valueName":"search_term_string"}}],"inLanguage":"es"},{"@type":"Organization","@id":"https:\/\/www.mcom.cat\/es\/#organization","name":"MCOM","url":"https:\/\/www.mcom.cat\/es\/","logo":{"@type":"ImageObject","inLanguage":"es","@id":"https:\/\/www.mcom.cat\/es\/#\/schema\/logo\/image\/","url":"https:\/\/www.mcom.cat\/es\/wp-content\/uploads\/sites\/2\/2023\/08\/logo_mcom.png","contentUrl":"https:\/\/www.mcom.cat\/es\/wp-content\/uploads\/sites\/2\/2023\/08\/logo_mcom.png","width":562,"height":450,"caption":"MCOM"},"image":{"@id":"https:\/\/www.mcom.cat\/es\/#\/schema\/logo\/image\/"}}]}},"_links":{"self":[{"href":"https:\/\/www.mcom.cat\/es\/wp-json\/wp\/v2\/pages\/271","targetHints":{"allow":["GET"]}}],"collection":[{"href":"https:\/\/www.mcom.cat\/es\/wp-json\/wp\/v2\/pages"}],"about":[{"href":"https:\/\/www.mcom.cat\/es\/wp-json\/wp\/v2\/types\/page"}],"author":[{"embeddable":true,"href":"https:\/\/www.mcom.cat\/es\/wp-json\/wp\/v2\/users\/1"}],"replies":[{"embeddable":true,"href":"https:\/\/www.mcom.cat\/es\/wp-json\/wp\/v2\/comments?post=271"}],"version-history":[{"count":3,"href":"https:\/\/www.mcom.cat\/es\/wp-json\/wp\/v2\/pages\/271\/revisions"}],"predecessor-version":[{"id":876,"href":"https:\/\/www.mcom.cat\/es\/wp-json\/wp\/v2\/pages\/271\/revisions\/876"}],"wp:attachment":[{"href":"https:\/\/www.mcom.cat\/es\/wp-json\/wp\/v2\/media?parent=271"}],"curies":[{"name":"wp","href":"https:\/\/api.w.org\/{rel}","templated":true}]}}