{"id":291,"date":"2023-08-10T20:45:14","date_gmt":"2023-08-10T18:45:14","guid":{"rendered":"https:\/\/www.mcom.cat\/es\/?page_id=291"},"modified":"2023-08-16T08:22:42","modified_gmt":"2023-08-16T06:22:42","slug":"medios-de-comunicacion","status":"publish","type":"page","link":"https:\/\/www.mcom.cat\/es\/medios-de-comunicacion\/","title":{"rendered":"Medios de comunicaci\u00f3n"},"content":{"rendered":"\n<div class=\"wp-block-group alignfull has-no-underline gutenify-section-f7e99470-0dc6-11ee-8dea-6752b411a41e is-layout-flow wp-container-core-group-is-layout-a77db08e wp-block-group-is-layout-flow gtfy-16\">\n<div class=\"wp-block-cover grayscale gutenify-section-f7c01370-0dc6-11ee-8dea-6752b411a41e gtfy-3\" style=\"min-height:405px;aspect-ratio:unset;\"><span aria-hidden=\"true\" class=\"wp-block-cover__background has-foreground-background-color has-background-dim\"><\/span><img loading=\"lazy\" decoding=\"async\" width=\"600\" height=\"360\" class=\"wp-block-cover__image-background wp-image-762\" alt=\"\" src=\"https:\/\/www.mcom.cat\/wp-content\/uploads\/sites\/2\/2023\/08\/FOTO5_mitjans-1.jpg\" data-object-fit=\"cover\"\/><div class=\"wp-block-cover__inner-container is-layout-flow wp-block-cover-is-layout-flow\">\n<div class=\"wp-block-group alignwide gutenify-section-f7beb3e0-0dc6-11ee-8dea-6752b411a41e is-layout-constrained wp-block-group-is-layout-constrained gtfy-2\"><h1 class=\"has-text-align-center alignwide wp-block-post-title has-text-color has-background-color has-large-font-size gtfy-1\">Medios de comunicaci\u00f3n<\/h1><\/div>\n<\/div><\/div>\n\n\n\n<div class=\"wp-block-group alignfull has-background-background-color has-background gutenify-section-641981d0-2980-11ee-8348-033521367742 is-layout-constrained wp-container-core-group-is-layout-341efb48 wp-block-group-is-layout-constrained gtfy-15\" style=\"padding-top:100px;padding-right:30px;padding-bottom:100px;padding-left:30px\">\n<div class=\"wp-block-group gutenify-section-59d90dd0-3781-11ee-bb2f-65d6d384f0b1 is-layout-constrained wp-block-group-is-layout-constrained gtfy-6\">\n<div class=\"wp-block-group gutenify-section-79697f90-3781-11ee-bb2f-65d6d384f0b1 is-vertical is-layout-flex wp-container-core-group-is-layout-fe9cc265 wp-block-group-is-layout-flex gtfy-5\">\n<h5 class=\"wp-block-heading gutenify-section-6549fa80-3781-11ee-bb2f-65d6d384f0b1 gtfy-4\">Contamos con una amplia experiencia en medios de comunicaci\u00f3n de todos los sectores, tanto radio y televisi\u00f3n como papel y digital. Conocemos en profundidad los entresijos de los medios y sus rutinas, adem\u00e1s de la relaci\u00f3n con las distintas instituciones.<\/h5>\n<\/div>\n<\/div>\n\n\n\n<div class=\"wp-block-group has-background-secondary-background-color has-background gutenify-section-e03b7bb0-379a-11ee-a96b-4b4a463fd9d3 is-vertical is-layout-flex wp-container-core-group-is-layout-71a730a2 wp-block-group-is-layout-flex gtfy-12\" style=\"padding-top:var(--wp--preset--spacing--60);padding-right:var(--wp--preset--spacing--60);padding-bottom:var(--wp--preset--spacing--60);padding-left:var(--wp--preset--spacing--60)\">\n<div class=\"wp-block-columns gutenify-section-3483d3d0-379a-11ee-a96b-4b4a463fd9d3 is-layout-flex wp-container-core-columns-is-layout-28f84493 wp-block-columns-is-layout-flex gtfy-11\">\n<div class=\"wp-block-column gutenify-section-38242c10-379a-11ee-a96b-4b4a463fd9d3 is-layout-flow wp-block-column-is-layout-flow gtfy-8\">\n<h6 class=\"wp-block-heading gutenify-section-3e54a510-379a-11ee-a96b-4b4a463fd9d3 gtfy-7\">Especialistas en comunicaci\u00f3n local y nacional, sabemos la importancia de conocer el territorio para dar la informaci\u00f3n de primera mano con componente local, pero tambi\u00e9n contamos con profesionales de medios de comunicaci\u00f3n nacionales con amplios conocimientos de la realidad social del pa\u00eds.<\/h6>\n<\/div>\n\n\n\n<div class=\"wp-block-column gutenify-section-3826eb30-379a-11ee-a96b-4b4a463fd9d3 is-layout-flow wp-block-column-is-layout-flow gtfy-10\" style=\"flex-basis:70%\">\n<figure class=\"wp-block-image size-full gutenify-section-4583a250-379a-11ee-a96b-4b4a463fd9d3 gtfy-9\"><img loading=\"lazy\" decoding=\"async\" width=\"1000\" height=\"667\" src=\"https:\/\/www.mcom.cat\/wp-content\/uploads\/sites\/2\/2023\/08\/FOTO19_medios_comunicacion.jpg\" alt=\"\" class=\"wp-image-750\"\/><\/figure>\n<\/div>\n<\/div>\n<\/div>\n\n\n\n<div class=\"wp-block-group gutenify-section-4b2cfae0-37a3-11ee-9963-9fd07d493a39 is-layout-constrained wp-block-group-is-layout-constrained gtfy-14\">\n<h5 class=\"wp-block-heading gutenify-section-55a2e5c0-37a3-11ee-9963-9fd07d493a39 gtfy-13\">Esta experiencia nos permite, al mismo tiempo, saber qu\u00e9 demandan los medios de comunicaci\u00f3n y c\u00f3mo comunicarlo para que empresas e instituciones puedan obtener la m\u00e1xima difusi\u00f3n de sus mensajes.<\/h5>\n<\/div>\n<\/div>\n<\/div>\n","protected":false},"excerpt":{"rendered":"<p>Contamos con una amplia experiencia en medios de comunicaci\u00f3n de todos los sectores, tanto radio [&hellip;]<\/p>\n","protected":false},"author":1,"featured_media":0,"parent":0,"menu_order":0,"comment_status":"closed","ping_status":"closed","template":"page-no-title","meta":{"footnotes":""},"class_list":["post-291","page","type-page","status-publish","hentry"],"yoast_head":"<!-- This site is optimized with the Yoast SEO plugin v26.7 - https:\/\/yoast.com\/wordpress\/plugins\/seo\/ -->\n<title>Medios de comunicaci\u00f3n - MCOM<\/title>\n<meta name=\"robots\" content=\"index, follow, max-snippet:-1, max-image-preview:large, max-video-preview:-1\" \/>\n<link rel=\"canonical\" href=\"https:\/\/www.mcom.cat\/es\/medios-de-comunicacion\/\" \/>\n<meta property=\"og:locale\" content=\"es_ES\" \/>\n<meta property=\"og:type\" content=\"article\" \/>\n<meta property=\"og:title\" content=\"Medios de comunicaci\u00f3n - MCOM\" \/>\n<meta property=\"og:description\" content=\"Contamos con una amplia experiencia en medios de comunicaci\u00f3n de todos los sectores, tanto radio [&hellip;]\" \/>\n<meta property=\"og:url\" content=\"https:\/\/www.mcom.cat\/es\/medios-de-comunicacion\/\" \/>\n<meta property=\"og:site_name\" content=\"MCOM\" \/>\n<meta property=\"article:modified_time\" content=\"2023-08-16T06:22:42+00:00\" \/>\n<meta property=\"og:image\" content=\"https:\/\/www.mcom.cat\/es\/wp-content\/uploads\/sites\/2\/2023\/08\/FOTO5_mitjans-1.jpg\" \/>\n\t<meta property=\"og:image:width\" content=\"600\" \/>\n\t<meta property=\"og:image:height\" content=\"360\" \/>\n\t<meta property=\"og:image:type\" content=\"image\/jpeg\" \/>\n<meta name=\"twitter:card\" content=\"summary_large_image\" \/>\n<meta name=\"twitter:label1\" content=\"Tiempo de lectura\" \/>\n\t<meta name=\"twitter:data1\" content=\"1 minuto\" \/>\n<script type=\"application\/ld+json\" class=\"yoast-schema-graph\">{\"@context\":\"https:\/\/schema.org\",\"@graph\":[{\"@type\":\"WebPage\",\"@id\":\"https:\/\/www.mcom.cat\/es\/medios-de-comunicacion\/\",\"url\":\"https:\/\/www.mcom.cat\/es\/medios-de-comunicacion\/\",\"name\":\"Medios de comunicaci\u00f3n - MCOM\",\"isPartOf\":{\"@id\":\"https:\/\/www.mcom.cat\/es\/#website\"},\"primaryImageOfPage\":{\"@id\":\"https:\/\/www.mcom.cat\/es\/medios-de-comunicacion\/#primaryimage\"},\"image\":{\"@id\":\"https:\/\/www.mcom.cat\/es\/medios-de-comunicacion\/#primaryimage\"},\"thumbnailUrl\":\"https:\/\/www.mcom.cat\/wp-content\/uploads\/sites\/2\/2023\/08\/FOTO5_mitjans-1.jpg\",\"datePublished\":\"2023-08-10T18:45:14+00:00\",\"dateModified\":\"2023-08-16T06:22:42+00:00\",\"breadcrumb\":{\"@id\":\"https:\/\/www.mcom.cat\/es\/medios-de-comunicacion\/#breadcrumb\"},\"inLanguage\":\"es\",\"potentialAction\":[{\"@type\":\"ReadAction\",\"target\":[\"https:\/\/www.mcom.cat\/es\/medios-de-comunicacion\/\"]}]},{\"@type\":\"ImageObject\",\"inLanguage\":\"es\",\"@id\":\"https:\/\/www.mcom.cat\/es\/medios-de-comunicacion\/#primaryimage\",\"url\":\"https:\/\/www.mcom.cat\/wp-content\/uploads\/sites\/2\/2023\/08\/FOTO5_mitjans-1.jpg\",\"contentUrl\":\"https:\/\/www.mcom.cat\/wp-content\/uploads\/sites\/2\/2023\/08\/FOTO5_mitjans-1.jpg\"},{\"@type\":\"BreadcrumbList\",\"@id\":\"https:\/\/www.mcom.cat\/es\/medios-de-comunicacion\/#breadcrumb\",\"itemListElement\":[{\"@type\":\"ListItem\",\"position\":1,\"name\":\"Inici\",\"item\":\"https:\/\/www.mcom.cat\/es\/\"},{\"@type\":\"ListItem\",\"position\":2,\"name\":\"Medios de comunicaci\u00f3n\"}]},{\"@type\":\"WebSite\",\"@id\":\"https:\/\/www.mcom.cat\/es\/#website\",\"url\":\"https:\/\/www.mcom.cat\/es\/\",\"name\":\"MCOM\",\"description\":\"\",\"publisher\":{\"@id\":\"https:\/\/www.mcom.cat\/es\/#organization\"},\"potentialAction\":[{\"@type\":\"SearchAction\",\"target\":{\"@type\":\"EntryPoint\",\"urlTemplate\":\"https:\/\/www.mcom.cat\/es\/?s={search_term_string}\"},\"query-input\":{\"@type\":\"PropertyValueSpecification\",\"valueRequired\":true,\"valueName\":\"search_term_string\"}}],\"inLanguage\":\"es\"},{\"@type\":\"Organization\",\"@id\":\"https:\/\/www.mcom.cat\/es\/#organization\",\"name\":\"MCOM\",\"url\":\"https:\/\/www.mcom.cat\/es\/\",\"logo\":{\"@type\":\"ImageObject\",\"inLanguage\":\"es\",\"@id\":\"https:\/\/www.mcom.cat\/es\/#\/schema\/logo\/image\/\",\"url\":\"https:\/\/www.mcom.cat\/es\/wp-content\/uploads\/sites\/2\/2023\/08\/logo_mcom.png\",\"contentUrl\":\"https:\/\/www.mcom.cat\/es\/wp-content\/uploads\/sites\/2\/2023\/08\/logo_mcom.png\",\"width\":562,\"height\":450,\"caption\":\"MCOM\"},\"image\":{\"@id\":\"https:\/\/www.mcom.cat\/es\/#\/schema\/logo\/image\/\"}}]}<\/script>\n<!-- \/ Yoast SEO plugin. -->","yoast_head_json":{"title":"Medios de comunicaci\u00f3n - MCOM","robots":{"index":"index","follow":"follow","max-snippet":"max-snippet:-1","max-image-preview":"max-image-preview:large","max-video-preview":"max-video-preview:-1"},"canonical":"https:\/\/www.mcom.cat\/es\/medios-de-comunicacion\/","og_locale":"es_ES","og_type":"article","og_title":"Medios de comunicaci\u00f3n - MCOM","og_description":"Contamos con una amplia experiencia en medios de comunicaci\u00f3n de todos los sectores, tanto radio [&hellip;]","og_url":"https:\/\/www.mcom.cat\/es\/medios-de-comunicacion\/","og_site_name":"MCOM","article_modified_time":"2023-08-16T06:22:42+00:00","og_image":[{"width":600,"height":360,"url":"https:\/\/www.mcom.cat\/es\/wp-content\/uploads\/sites\/2\/2023\/08\/FOTO5_mitjans-1.jpg","type":"image\/jpeg"}],"twitter_card":"summary_large_image","twitter_misc":{"Tiempo de lectura":"1 minuto"},"schema":{"@context":"https:\/\/schema.org","@graph":[{"@type":"WebPage","@id":"https:\/\/www.mcom.cat\/es\/medios-de-comunicacion\/","url":"https:\/\/www.mcom.cat\/es\/medios-de-comunicacion\/","name":"Medios de comunicaci\u00f3n - MCOM","isPartOf":{"@id":"https:\/\/www.mcom.cat\/es\/#website"},"primaryImageOfPage":{"@id":"https:\/\/www.mcom.cat\/es\/medios-de-comunicacion\/#primaryimage"},"image":{"@id":"https:\/\/www.mcom.cat\/es\/medios-de-comunicacion\/#primaryimage"},"thumbnailUrl":"https:\/\/www.mcom.cat\/wp-content\/uploads\/sites\/2\/2023\/08\/FOTO5_mitjans-1.jpg","datePublished":"2023-08-10T18:45:14+00:00","dateModified":"2023-08-16T06:22:42+00:00","breadcrumb":{"@id":"https:\/\/www.mcom.cat\/es\/medios-de-comunicacion\/#breadcrumb"},"inLanguage":"es","potentialAction":[{"@type":"ReadAction","target":["https:\/\/www.mcom.cat\/es\/medios-de-comunicacion\/"]}]},{"@type":"ImageObject","inLanguage":"es","@id":"https:\/\/www.mcom.cat\/es\/medios-de-comunicacion\/#primaryimage","url":"https:\/\/www.mcom.cat\/wp-content\/uploads\/sites\/2\/2023\/08\/FOTO5_mitjans-1.jpg","contentUrl":"https:\/\/www.mcom.cat\/wp-content\/uploads\/sites\/2\/2023\/08\/FOTO5_mitjans-1.jpg"},{"@type":"BreadcrumbList","@id":"https:\/\/www.mcom.cat\/es\/medios-de-comunicacion\/#breadcrumb","itemListElement":[{"@type":"ListItem","position":1,"name":"Inici","item":"https:\/\/www.mcom.cat\/es\/"},{"@type":"ListItem","position":2,"name":"Medios de comunicaci\u00f3n"}]},{"@type":"WebSite","@id":"https:\/\/www.mcom.cat\/es\/#website","url":"https:\/\/www.mcom.cat\/es\/","name":"MCOM","description":"","publisher":{"@id":"https:\/\/www.mcom.cat\/es\/#organization"},"potentialAction":[{"@type":"SearchAction","target":{"@type":"EntryPoint","urlTemplate":"https:\/\/www.mcom.cat\/es\/?s={search_term_string}"},"query-input":{"@type":"PropertyValueSpecification","valueRequired":true,"valueName":"search_term_string"}}],"inLanguage":"es"},{"@type":"Organization","@id":"https:\/\/www.mcom.cat\/es\/#organization","name":"MCOM","url":"https:\/\/www.mcom.cat\/es\/","logo":{"@type":"ImageObject","inLanguage":"es","@id":"https:\/\/www.mcom.cat\/es\/#\/schema\/logo\/image\/","url":"https:\/\/www.mcom.cat\/es\/wp-content\/uploads\/sites\/2\/2023\/08\/logo_mcom.png","contentUrl":"https:\/\/www.mcom.cat\/es\/wp-content\/uploads\/sites\/2\/2023\/08\/logo_mcom.png","width":562,"height":450,"caption":"MCOM"},"image":{"@id":"https:\/\/www.mcom.cat\/es\/#\/schema\/logo\/image\/"}}]}},"_links":{"self":[{"href":"https:\/\/www.mcom.cat\/es\/wp-json\/wp\/v2\/pages\/291","targetHints":{"allow":["GET"]}}],"collection":[{"href":"https:\/\/www.mcom.cat\/es\/wp-json\/wp\/v2\/pages"}],"about":[{"href":"https:\/\/www.mcom.cat\/es\/wp-json\/wp\/v2\/types\/page"}],"author":[{"embeddable":true,"href":"https:\/\/www.mcom.cat\/es\/wp-json\/wp\/v2\/users\/1"}],"replies":[{"embeddable":true,"href":"https:\/\/www.mcom.cat\/es\/wp-json\/wp\/v2\/comments?post=291"}],"version-history":[{"count":1,"href":"https:\/\/www.mcom.cat\/es\/wp-json\/wp\/v2\/pages\/291\/revisions"}],"predecessor-version":[{"id":877,"href":"https:\/\/www.mcom.cat\/es\/wp-json\/wp\/v2\/pages\/291\/revisions\/877"}],"wp:attachment":[{"href":"https:\/\/www.mcom.cat\/es\/wp-json\/wp\/v2\/media?parent=291"}],"curies":[{"name":"wp","href":"https:\/\/api.w.org\/{rel}","templated":true}]}}